{"id":940,"date":"2022-02-19T00:10:43","date_gmt":"2022-02-19T00:10:43","guid":{"rendered":"https:\/\/2022.asta-trier.de\/?page_id=940"},"modified":"2026-02-05T14:13:33","modified_gmt":"2026-02-05T14:13:33","slug":"kontakt","status":"publish","type":"page","link":"https:\/\/www.asta-trier.de\/gb\/kontakt\/","title":{"rendered":"Contact"},"content":{"rendered":"\n<div class=\"wp-block-columns is-layout-flex wp-container-core-columns-is-layout-9d6595d7 wp-block-columns-is-layout-flex\">\n<div class=\"wp-block-column is-layout-flow wp-block-column-is-layout-flow\">\n<h6 class=\"wp-block-heading\"><strong>Office of the Coordinating Member<\/strong><br>E-Mail: <a href=\"mailto:astakomi@uni-trier.de\">astakomi@uni-trier.de<\/a><br>Office: Studihaus, ST 102<br>Phone: 0651 603 492 20<br>Fax: 0651 603 492 31<\/h6>\n<\/div>\n\n\n\n<div class=\"wp-block-column is-layout-flow wp-block-column-is-layout-flow\">\n<h6 class=\"wp-block-heading\"><strong>Address<\/strong><br>Koordinierendes Mitglied des AStA der Universit\u00e4t Trier<br>Chiara Horn<br>Universit\u00e4tsring 12b<br>54296 Trier<\/h6>\n<\/div>\n<\/div>\n\n\n\n<p><strong>How to get there<\/strong><br><a href=\"https:\/\/www.uni-trier.de\/universitaet\/anfahrt-kontakt\/anfahrt-zur-universitaet-trier\">Zur Universit\u00e4t<\/a><br><a href=\"https:\/\/www.asta-trier.de\/mit-dem-rad-zur-uni-und-andere-routen\/\">Mit dem Fahrrad zur Universit\u00e4t<\/a><br><a href=\"https:\/\/www.asta-trier.de\/kontakt\/#anfahrt\">Zum Studihaus f\u00fcr Lieferdienste und Rettungskr\u00e4fte<\/a><\/p>\n\n\n\n<hr class=\"wp-block-separator has-alpha-channel-opacity\"\/>\n\n\n\n<h5 class=\"wp-block-heading\">campus map<\/h5>\n\n\n\n<figure class=\"wp-block-image size-full\"><img loading=\"lazy\" decoding=\"async\" width=\"951\" height=\"618\" src=\"https:\/\/www.asta-trier.de\/wp-content\/uploads\/2025\/01\/Lageplan_Studihaus-1.png\" alt=\"\" class=\"wp-image-16968\" srcset=\"https:\/\/www.asta-trier.de\/wp-content\/uploads\/2025\/01\/Lageplan_Studihaus-1.png 951w, https:\/\/www.asta-trier.de\/wp-content\/uploads\/2025\/01\/Lageplan_Studihaus-1-300x195.png 300w, https:\/\/www.asta-trier.de\/wp-content\/uploads\/2025\/01\/Lageplan_Studihaus-1-768x499.png 768w\" sizes=\"auto, (max-width: 951px) 100vw, 951px\" \/><\/figure>\n\n\n\n<hr class=\"wp-block-separator has-alpha-channel-opacity\"\/>\n\n\n\n<h5 class=\"wp-block-heading\">DIRECTIONS TO THE STUDIHAUS FOR DELIVERY SERVICES AND RESCUE TEAMS<\/h5>\n\n\n\n<figure class=\"wp-block-image size-large\"><img loading=\"lazy\" decoding=\"async\" width=\"1024\" height=\"749\" src=\"https:\/\/www.asta-trier.de\/wp-content\/uploads\/2025\/01\/Screenshot-2022-07-01-105259-2-1536x1123-1-1024x749.png\" alt=\"\" class=\"wp-image-16969\" srcset=\"https:\/\/www.asta-trier.de\/wp-content\/uploads\/2025\/01\/Screenshot-2022-07-01-105259-2-1536x1123-1-1024x749.png 1024w, https:\/\/www.asta-trier.de\/wp-content\/uploads\/2025\/01\/Screenshot-2022-07-01-105259-2-1536x1123-1-300x219.png 300w, https:\/\/www.asta-trier.de\/wp-content\/uploads\/2025\/01\/Screenshot-2022-07-01-105259-2-1536x1123-1-768x562.png 768w, https:\/\/www.asta-trier.de\/wp-content\/uploads\/2025\/01\/Screenshot-2022-07-01-105259-2-1536x1123-1.png 1536w\" sizes=\"auto, (max-width: 1024px) 100vw, 1024px\" \/><\/figure>\n\n\n\n<p>Access to the Studihaus is via Kohlenstra\u00dfe.<\/p>\n\n\n\n<p><strong>Outside of the opening hours of the university:<\/strong><br><em>Adress for Google Maps \/ Apple Maps: <a href=\"https:\/\/goo.gl\/maps\/uFqTj5Zhb9k7BFee7\" data-type=\"link\" data-id=\"https:\/\/goo.gl\/maps\/uFqTj5Zhb9k7BFee7\">Im Treff 21, 54296 Trier<\/a> (leads to marker<strong> [3]<\/strong>)<\/em><\/p>\n\n\n\n<p>To reach the Studihaus, drive from Kohlenstra\u00dfe in the direction of the <strong>Parkplatz Ost<\/strong> into the extension of \u2018Gustav-Heinemann-Stra\u00dfe\u2019<strong> [1]<\/strong>. Now drive straight ahead past the car park to reach the small turning circle <strong>[2]<\/strong>. From there, continue straight ahead onto the street \u2018Im Treff\u2019. Then cross the road past the catering establishments until you reach the university campus (\u2018Universit\u00e4tsring\u2019). The Studihaus is located on the left-hand side <strong>[4]<\/strong>.<\/p>\n\n\n\n<p><strong>Within the opening hours of the university:<\/strong><br><em>Address for Google Maps \/ Apple Maps: <a href=\"https:\/\/goo.gl\/maps\/RDTmjcs83nvRjFMAA\" data-type=\"link\" data-id=\"https:\/\/goo.gl\/maps\/RDTmjcs83nvRjFMAA\">Universit\u00e4tsring 12b, 54296 Trier<\/a> (leads to marker <strong>[6]<\/strong>)<\/em><\/p>\n\n\n\n<p>If the barrier is open, you can use the driveway to the main entrance\/staff car park from Kohlenstra\u00dfe <strong>[5]<\/strong>. Then follow the road past the car park to the next barrier<strong> [6]<\/strong>. If this is open, you can turn right to the Studihaus<strong> [4]<\/strong>. If the barrier is closed, the Studihaus is also reachable within walking distance.<\/p>\n","protected":false},"excerpt":{"rendered":"<p>Office of the Coordinating MemberE-Mail: astakomi@uni-trier.deOffice: Studihaus, ST 102Phone: 0651 603 492 20Fax: 0651 603 492 31 AddressKoordinierendes Mitglied des AStA der Universit\u00e4t TrierChiara HornUniversit\u00e4tsring 12b54296 Trier How to get thereZur Universit\u00e4tMit dem Fahrrad zur Universit\u00e4tZum Studihaus f\u00fcr Lieferdienste und Rettungskr\u00e4fte campus map DIRECTIONS TO THE STUDIHAUS FOR DELIVERY SERVICES AND RESCUE TEAMS Access to&hellip;&nbsp;<a href=\"https:\/\/www.asta-trier.de\/gb\/kontakt\/\" rel=\"bookmark\">Read More &raquo;<span class=\"screen-reader-text\">Contact<\/span><\/a><\/p>\n","protected":false},"author":4,"featured_media":0,"parent":0,"menu_order":0,"comment_status":"closed","ping_status":"closed","template":"","meta":{"neve_meta_sidebar":"","neve_meta_container":"","neve_meta_enable_content_width":"","neve_meta_content_width":0,"neve_meta_title_alignment":"","neve_meta_author_avatar":"","neve_post_elements_order":"","neve_meta_disable_header":"","neve_meta_disable_footer":"","neve_meta_disable_title":"","footnotes":""},"class_list":["post-940","page","type-page","status-publish","hentry"],"translation":{"provider":"WPGlobus","version":"3.0.2","language":"gb","enabled_languages":["de","gb"],"languages":{"de":{"title":true,"content":true,"excerpt":false},"gb":{"title":true,"content":true,"excerpt":false}}},"_links":{"self":[{"href":"https:\/\/www.asta-trier.de\/gb\/wp-json\/wp\/v2\/pages\/940","targetHints":{"allow":["GET"]}}],"collection":[{"href":"https:\/\/www.asta-trier.de\/gb\/wp-json\/wp\/v2\/pages"}],"about":[{"href":"https:\/\/www.asta-trier.de\/gb\/wp-json\/wp\/v2\/types\/page"}],"author":[{"embeddable":true,"href":"https:\/\/www.asta-trier.de\/gb\/wp-json\/wp\/v2\/users\/4"}],"replies":[{"embeddable":true,"href":"https:\/\/www.asta-trier.de\/gb\/wp-json\/wp\/v2\/comments?post=940"}],"version-history":[{"count":30,"href":"https:\/\/www.asta-trier.de\/gb\/wp-json\/wp\/v2\/pages\/940\/revisions"}],"predecessor-version":[{"id":18593,"href":"https:\/\/www.asta-trier.de\/gb\/wp-json\/wp\/v2\/pages\/940\/revisions\/18593"}],"wp:attachment":[{"href":"https:\/\/www.asta-trier.de\/gb\/wp-json\/wp\/v2\/media?parent=940"}],"curies":[{"name":"wp","href":"https:\/\/api.w.org\/{rel}","templated":true}]}}