{"id":850,"date":"2022-02-17T22:36:54","date_gmt":"2022-02-17T22:36:54","guid":{"rendered":"https:\/\/2022.asta-trier.de\/?page_id=850"},"modified":"2025-03-26T19:52:18","modified_gmt":"2025-03-26T19:52:18","slug":"mit-dem-rad-zur-uni-und-andere-routen","status":"publish","type":"page","link":"https:\/\/www.asta-trier.de\/gb\/mit-dem-rad-zur-uni-und-andere-routen\/","title":{"rendered":"Mit dem Rad zur Uni (und andere Routen)"},"content":{"rendered":"\n<p>Aus der Stadt gibt es vor allem zwei empfehlenswerte Fahrradrouten zur Uni: \u00fcber <a href=\"https:\/\/www.asta-trier.de\/mit-dem-rad-zur-uni-und-andere-routen\/#route-kurenz\">K\u00fcrenz<\/a> und \u00fcber <a href=\"https:\/\/www.asta-trier.de\/mit-dem-rad-zur-uni-und-andere-routen\/#route-olewig\">Olewig<\/a>. Zur\u00fcck f\u00e4hrt man sie einfach in umgekehrter Richtung. Wege zur\u00fcck in die Stadt gibt es aber auch mit sch\u00f6ner <a href=\"https:\/\/www.asta-trier.de\/mit-dem-rad-zur-uni-und-andere-routen\/#route-petrisberg\">Aussicht<\/a> oder in <a href=\"https:\/\/www.asta-trier.de\/mit-dem-rad-zur-uni-und-andere-routen\/#route-kohlenstrasse\">schnell<\/a>. Ein Klick auf die Karte \u00f6ffnet den Routenplaner.<\/p>\n\n\n\n<h5 class=\"wp-block-heading has-medium-font-size\" id=\"route-kurenz\" style=\"font-style:normal;font-weight:300\">ROUTE K\u00dcRENZ<\/h5>\n\n\n<div class=\"wp-block-image\">\n<figure class=\"aligncenter size-large\"><a href=\"https:\/\/maps.openrouteservice.org\/directions?n1=49.754197&amp;n2=6.671512&amp;n3=15&amp;a=49.75795,6.652742,49.760553,6.657897,49.761121,6.66309,49.763464,6.667542,49.761357,6.671877,49.759278,6.681372,49.748305,6.694579,49.74809,6.688206&amp;b=1a&amp;c=0&amp;k1=en-US&amp;k2=km\"><img loading=\"lazy\" decoding=\"async\" width=\"1024\" height=\"738\" src=\"https:\/\/2022.asta-trier.de\/wp-content\/uploads\/2022\/02\/fahrradroute-kuerenz-1024x738.png\" alt=\"\" class=\"wp-image-851\" srcset=\"https:\/\/www.asta-trier.de\/wp-content\/uploads\/2022\/02\/fahrradroute-kuerenz-1024x738.png 1024w, https:\/\/www.asta-trier.de\/wp-content\/uploads\/2022\/02\/fahrradroute-kuerenz-300x216.png 300w, https:\/\/www.asta-trier.de\/wp-content\/uploads\/2022\/02\/fahrradroute-kuerenz-768x553.png 768w, https:\/\/www.asta-trier.de\/wp-content\/uploads\/2022\/02\/fahrradroute-kuerenz-18x12.png 18w, https:\/\/www.asta-trier.de\/wp-content\/uploads\/2022\/02\/fahrradroute-kuerenz.png 1138w\" sizes=\"auto, (max-width: 1024px) 100vw, 1024px\" \/><\/a><figcaption class=\"wp-element-caption\">Vom Hauptbahnhof zur Kohlenstra\u00dfe, Service \u00a9 <a href=\"https:\/\/openrouteservice.org\">openrouteservice.org<\/a> | Map data \u00a9 <a href=\"http:\/\/www.openstreetmap.org\/copyright\">OpenStreetMap<\/a> contributors<\/figcaption><\/figure>\n<\/div>\n\n\n<p>Die Route f\u00fchrt vom Hauptbahnhof durch K\u00fcrenz und das Avelertal zur Kohlenstra\u00dfe. Dort kann man w\u00e4hlen, ob man \u00fcber die Kreuzung zum Parkplatz West f\u00e4hrt, oder die Kohlenstra\u00dfe lieber vorsichtig auf der Fu\u00dfg\u00e4nger- und Radfahrerbr\u00fccke quert. Vorteil dieser Route: meist sanfte Steigungen. Nachteil: zwischen Wegpunkt 3 und 4 muss man 300 Meter die Stra\u00dfe mit gelegentlich aggressiven Autofahrern teilen. Absteigen oder aushalten sind hier die einzigen M\u00f6glichkeiten.<\/p>\n\n\n\n<hr class=\"wp-block-separator has-css-opacity\"\/>\n\n\n\n<h5 class=\"wp-block-heading has-medium-font-size\" id=\"route-olewig\" style=\"font-style:normal;font-weight:300\">ROUTE OLEWIG<\/h5>\n\n\n<div class=\"wp-block-image\">\n<figure class=\"aligncenter size-large is-resized\"><a href=\"https:\/\/classic-maps.openrouteservice.org\/directions?n1=49.748097&amp;n2=6.662843&amp;n3=15&amp;a=49.748963,6.641021,49.746364,6.643424,49.746107,6.648821,49.743591,6.654475,49.742752,6.666126,49.741663,6.669999,49.74106,6.671775,49.746544,6.686232&amp;b=1a&amp;c=0&amp;k1=en-US&amp;k2=km\"><img loading=\"lazy\" decoding=\"async\" width=\"1024\" height=\"521\" src=\"https:\/\/2022.asta-trier.de\/wp-content\/uploads\/2022\/02\/Route-Olewig-Kleeburger_Weg-1024x521.png\" alt=\"\" class=\"wp-image-853\" style=\"width:1160px;height:auto\" srcset=\"https:\/\/www.asta-trier.de\/wp-content\/uploads\/2022\/02\/Route-Olewig-Kleeburger_Weg-1024x521.png 1024w, https:\/\/www.asta-trier.de\/wp-content\/uploads\/2022\/02\/Route-Olewig-Kleeburger_Weg-300x153.png 300w, https:\/\/www.asta-trier.de\/wp-content\/uploads\/2022\/02\/Route-Olewig-Kleeburger_Weg-768x391.png 768w, https:\/\/www.asta-trier.de\/wp-content\/uploads\/2022\/02\/Route-Olewig-Kleeburger_Weg-18x9.png 18w, https:\/\/www.asta-trier.de\/wp-content\/uploads\/2022\/02\/Route-Olewig-Kleeburger_Weg.png 1159w\" sizes=\"auto, (max-width: 1024px) 100vw, 1024px\" \/><\/a><figcaption class=\"wp-element-caption\">Vom Stadtbad \u00fcber Olewig und den Kleeburger Weg zu Campus 1. Service \u00a9 <a href=\"https:\/\/openrouteservice.org\">openrouteservice.org<\/a> | Map data \u00a9 <a href=\"https:\/\/openstreetmap.org\/copyright\">OpenStreetMap<\/a> contributors<\/figcaption><\/figure>\n<\/div>\n\n\n<p>Diese Route f\u00fchrt autoarm durch Kleing\u00e4rten, Ortsstra\u00dfen und Spazierwege zu Campus 1. Vorteil: wenig Verkehr. Nachteil: steiler als \u00fcber K\u00fcrenz. Vorsicht an Wegpunkt 3: hier gibt es entgegenkommende Fahrr\u00e4der auf dem Radweg hinter der Kurve. (Der in Olewig eingezeichnete Fahrradweg entlang des Olewiger Bachs zwischen den Wegpunkten 3 und 4 ist eine Alternative zur Olewiger Stra\u00dfe, der Weg endet allerdings auf dem B\u00fcrgersteig der Haltestelle an der Fu\u00dfg\u00e4ngerampel.) Vor der Kreuzung am Ortsausgang gibt es eine Gefahrenstelle: Der rechts abbiegende Verkehr kann dem Radverkehr auf dem Fahrradstreifen gef\u00e4hrlich werden (bei Wegpunkt 6, es gab dort schon Unf\u00e4lle). Au\u00dferdem ist der Streifen beliebt bei Radverkehr in Gegenrichtung (eigentlich nicht erlaubt, zwischen den Wegpunkten 5 und 6), das macht den Weg dann richtig eng. Auf dem Kleeburger Weg ist eine l\u00e4ngere Baustelle, bei Begegnungen mit Autos (auch eigentlich nicht erlaubt) kann es eng werden.<\/p>\n\n\n\n<h5 class=\"wp-block-heading\">Alternative Route \u00fcber Olewig zu Campus 2<\/h5>\n\n\n\n<figure class=\"wp-block-image size-large\"><a href=\"https:\/\/maps.openrouteservice.org\/directions?n1=49.745324&amp;n2=6.643955&amp;n3=17&amp;a=49.748963,6.641021,49.746364,6.643424,49.746107,6.648821,49.743591,6.654475,49.742752,6.666126,49.745331,6.668111,49.745816,6.667103,49.749095,6.666738,49.752922,6.670976,49.751362,6.676297,49.748055,6.676909,49.74965,6.683486,49.746544,6.686232&amp;b=1a&amp;c=0&amp;k1=en-US&amp;k2=km\"><img loading=\"lazy\" decoding=\"async\" width=\"1024\" height=\"607\" src=\"https:\/\/www.asta-trier.de\/wp-content\/uploads\/2022\/02\/fahrradroute-olewig-1024x607.png\" alt=\"Karte der Route vom Stadtbad \u00fcber Olewig zu Campus 2 und Campus 1.\" class=\"wp-image-852\" srcset=\"https:\/\/www.asta-trier.de\/wp-content\/uploads\/2022\/02\/fahrradroute-olewig-1024x607.png 1024w, https:\/\/www.asta-trier.de\/wp-content\/uploads\/2022\/02\/fahrradroute-olewig-300x178.png 300w, https:\/\/www.asta-trier.de\/wp-content\/uploads\/2022\/02\/fahrradroute-olewig-768x455.png 768w, https:\/\/www.asta-trier.de\/wp-content\/uploads\/2022\/02\/fahrradroute-olewig-18x12.png 18w, https:\/\/www.asta-trier.de\/wp-content\/uploads\/2022\/02\/fahrradroute-olewig.png 1130w\" sizes=\"auto, (max-width: 1024px) 100vw, 1024px\" \/><\/a><figcaption class=\"wp-element-caption\"><a href=\"https:\/\/maps.openrouteservice.org\/directions?n1=49.745324&amp;n2=6.643955&amp;n3=17&amp;a=49.748963,6.641021,49.746364,6.643424,49.746107,6.648821,49.743591,6.654475,49.742752,6.666126,49.745331,6.668111,49.745816,6.667103,49.749095,6.666738,49.752922,6.670976,49.751362,6.676297,49.748055,6.676909,49.74965,6.683486,49.746544,6.686232&amp;b=1a&amp;c=0&amp;k1=en-US&amp;k2=km\"><\/a>Vom Stadtbad \u00fcber Olewig zu Campus 2 und Campus 1. Service \u00a9 <a href=\"https:\/\/openrouteservice.org\">openrouteservice.org<\/a> | Map data \u00a9 <a href=\"https:\/\/openstreetmap.org\/coypyright\">OpenStreetMap<\/a> contributors<\/figcaption><\/figure>\n\n\n\n<p>Diese Route f\u00fchrt durch Olewig \u00fcber Campus 2 und zu Campus 1. Vorteil: am wenigsten Verkehr. Nachteil: steiler als \u00fcber Kleeburg. <\/p>\n\n\n\n<hr class=\"wp-block-separator has-css-opacity\"\/>\n\n\n\n<h5 class=\"wp-block-heading has-medium-font-size\" id=\"route-petrisberg\" style=\"font-style:normal;font-weight:300\">MIT AUSSICHT: R\u00dcCKWEG PETRISBERG<\/h5>\n\n\n\n<figure class=\"wp-block-image size-large\"><a href=\"https:\/\/classic-maps.openrouteservice.org\/directions?n1=49.751674&amp;n2=6.665246&amp;n3=15&amp;a=49.746267,6.68649,49.748506,6.676469,49.75289,6.671094,49.7534,6.668261,49.746579,6.653702,49.753757,6.645972&amp;b=1a&amp;c=0&amp;k1=en-US&amp;k2=km\"><img loading=\"lazy\" decoding=\"async\" width=\"1024\" height=\"714\" src=\"https:\/\/2022.asta-trier.de\/wp-content\/uploads\/2022\/02\/rueckweg-petrisberg2-1024x714.png\" alt=\"\" class=\"wp-image-854\" srcset=\"https:\/\/www.asta-trier.de\/wp-content\/uploads\/2022\/02\/rueckweg-petrisberg2-1024x714.png 1024w, https:\/\/www.asta-trier.de\/wp-content\/uploads\/2022\/02\/rueckweg-petrisberg2-300x209.png 300w, https:\/\/www.asta-trier.de\/wp-content\/uploads\/2022\/02\/rueckweg-petrisberg2-768x535.png 768w, https:\/\/www.asta-trier.de\/wp-content\/uploads\/2022\/02\/rueckweg-petrisberg2-18x12.png 18w, https:\/\/www.asta-trier.de\/wp-content\/uploads\/2022\/02\/rueckweg-petrisberg2.png 1142w\" sizes=\"auto, (max-width: 1024px) 100vw, 1024px\" \/><\/a><figcaption class=\"wp-element-caption\">R\u00fcckweg \u00fcber den Petrisberg in die Stadt. Service \u00a9 <a href=\"https:\/\/openrouteservice.org\">openrouteservice.org<\/a> | Map data \u00a9 <a href=\"https:\/\/openstreetmap.org\/copyright\">OpenStreetMap<\/a> contributors<\/figcaption><\/figure>\n\n\n\n<p>Der sch\u00f6nste R\u00fcckweg f\u00fchrt \u00fcber den Petrisberg. Nach einer kurzen Steigung auf der Sartre-Promenade (zwischen Wegpunkt 2 und 3) hat man weite Aussicht ins Tal, zun\u00e4chst \u00fcber Olewig Richtung Irsch. Am Aussichtspunkt (Wegpunkt 4) folgt eine vor allem bei Abendsonne beliebte Sicht auf die gesamte Talstadt. Weiter f\u00fchrt die Route steil die Sickingenstra\u00dfe hinunter, hier gibt es leider viele Schlagl\u00f6cher. Vorausschauende Fahrweise schont hier Rad und Nerven. Durch das ruhige aber enge Gartenfeld-Viertel (Autos im Gegenverkehr) geht es bis zur Basilika an den Rand der Fu\u00dfg\u00e4ngerzone.<\/p>\n\n\n\n<hr class=\"wp-block-separator has-css-opacity\"\/>\n\n\n\n<h5 class=\"wp-block-heading has-medium-font-size\" id=\"route-kohlenstrasse\" style=\"font-style:normal;font-weight:300\">SCHNELL: R\u00dcCKWEG KOHLENSTRASSE<\/h5>\n\n\n\n<figure class=\"wp-block-image size-large\"><a href=\"https:\/\/classic-maps.openrouteservice.org\/directions?n1=49.75611&amp;n2=6.669409&amp;n3=15&amp;a=49.746267,6.68649,49.749525,6.683528,49.755417,6.681769,49.759555,6.676319,49.763432,6.667414,49.75918,6.65853,49.757236,6.651594&amp;b=1a&amp;c=0&amp;k1=en-US&amp;k2=km\"><img loading=\"lazy\" decoding=\"async\" width=\"1024\" height=\"792\" src=\"https:\/\/2022.asta-trier.de\/wp-content\/uploads\/2022\/02\/rueckweg-kohlenstrasse-1024x792.png\" alt=\"\" class=\"wp-image-855\" srcset=\"https:\/\/www.asta-trier.de\/wp-content\/uploads\/2022\/02\/rueckweg-kohlenstrasse-1024x792.png 1024w, https:\/\/www.asta-trier.de\/wp-content\/uploads\/2022\/02\/rueckweg-kohlenstrasse-300x232.png 300w, https:\/\/www.asta-trier.de\/wp-content\/uploads\/2022\/02\/rueckweg-kohlenstrasse-768x594.png 768w, https:\/\/www.asta-trier.de\/wp-content\/uploads\/2022\/02\/rueckweg-kohlenstrasse-16x12.png 16w, https:\/\/www.asta-trier.de\/wp-content\/uploads\/2022\/02\/rueckweg-kohlenstrasse.png 1066w\" sizes=\"auto, (max-width: 1024px) 100vw, 1024px\" \/><\/a><figcaption class=\"wp-element-caption\">R\u00fcckweg \u00fcber die Kohlenstra\u00dfe zum Hauptbahnhof. Service \u00a9 <a href=\"https:\/\/openrouteservice.org\">openrouteservice.org<\/a> | Map data \u00a9 <a href=\"https:\/\/openstreetmap.org\/copyright\">OpenStreetMap<\/a> contributors<\/figcaption><\/figure>\n\n\n\n<p>Der wirklich schnellste Weg in die Stadt f\u00fchrt \u00fcber die Kohlenstra\u00dfe. Hier kann steil bergab mit dem Autoverkehr mithalten, wer m\u00f6chte. Vorsicht ist angebracht an den Einm\u00fcndungen der Seitenstra\u00dfen, manche Autofahrer untersch\u00e4tzen die Geschwindigkeit eines Fahrrads auf Talfahrt. Weiter geht es durch die Dom\u00e4nenstra\u00dfe und die Bahnunterf\u00fchrung Sch\u00f6nbornstra\u00dfe zum Hauptbahnhof.<\/p>\n\n\n\n<p>Wem das nicht genug ist, der kann auch \u2026<\/p>\n\n\n\n<hr class=\"wp-block-separator has-css-opacity\"\/>\n\n\n\n<h4 class=\"wp-block-heading\" id=\"einfach-so-radfahren\">Einfach so radfahren<\/h4>\n\n\n\n<h5 class=\"wp-block-heading has-medium-font-size\" id=\"route-kurenz\" style=\"font-style:normal;font-weight:300\">MATTHEIS-KONZ UND ZUR\u00dcCK<\/h5>\n\n\n<div class=\"wp-block-image\">\n<figure class=\"aligncenter size-full\"><a href=\"http:\/\/maps.openrouteservice.org\/directions?n1=49.722315&amp;n2=6.601281&amp;n3=14&amp;a=49.738904,6.630898,49.739351,6.627975,49.738543,6.623951,49.737697,6.623919,49.706422,6.571498,49.70466,6.575033,49.729882,6.627309,49.730291,6.627889,49.738897,6.630785&amp;b=1a&amp;c=0&amp;k1=en-US&amp;k2=km\"><img loading=\"lazy\" decoding=\"async\" width=\"915\" height=\"903\" src=\"https:\/\/2022.asta-trier.de\/wp-content\/uploads\/2022\/02\/runde_mattheis_konz_revers.png\" alt=\"\" class=\"wp-image-856\" srcset=\"https:\/\/www.asta-trier.de\/wp-content\/uploads\/2022\/02\/runde_mattheis_konz_revers.png 915w, https:\/\/www.asta-trier.de\/wp-content\/uploads\/2022\/02\/runde_mattheis_konz_revers-300x296.png 300w, https:\/\/www.asta-trier.de\/wp-content\/uploads\/2022\/02\/runde_mattheis_konz_revers-768x758.png 768w, https:\/\/www.asta-trier.de\/wp-content\/uploads\/2022\/02\/runde_mattheis_konz_revers-12x12.png 12w\" sizes=\"auto, (max-width: 915px) 100vw, 915px\" \/><\/a><figcaption class=\"wp-element-caption\">Von St. Matthias nach Konz und zur\u00fcck, Service \u00a9 <a href=\"https:\/\/openrouteservice.org\">openrouteservice.org<\/a> | Map data \u00a9 <a href=\"https:\/\/openstreetmap.org\/copyright\">OpenStreetMap<\/a> contributors<\/figcaption><\/figure>\n<\/div>\n\n\n<p>Die Strecke ist eine sch\u00f6ne, kurze Runde. Sie ist flach (Ausnahme: Br\u00fcckenauffahrten) und auch zu Mehreren gut fahrbar. Sie beginnt am Parkplatz vor St. Matthias, f\u00fchrt \u00fcber die Konrad-Adenauer-Br\u00fccke auf das andere Moselufer, dort \u00fcber den Parkplatz des Messeparks auf den Moselradweg bis zur Konzer Eisenbahnbr\u00fccke. Von dort aus geht es zur\u00fcck nach Trier, zwischen Wegmarke 6 und 7 50 m bergab auf der B268 in die ruhige Medardstra\u00dfe und nach St. Matthias. Ein Klick auf die Karte \u00f6ffnet den Routenplaner.<\/p>\n\n\n\n<hr class=\"wp-block-separator has-css-opacity\"\/>\n\n\n\n<h5 class=\"wp-block-heading has-medium-font-size\" id=\"route-kurenz\" style=\"font-style:normal;font-weight:300\">AUSFLUG ZUR BURG SOMMERAU<\/h5>\n\n\n<div class=\"wp-block-image\">\n<figure class=\"aligncenter size-full\"><a href=\"http:\/\/maps.openrouteservice.org\/directions?n1=49.75044&amp;n2=6.710329&amp;n3=13&amp;a=49.757891,6.652597,49.760463,6.659013,49.763568,6.66869,49.778652,6.699632,49.782837,6.707947,49.762812,6.72624,49.741122,6.742644,49.716017,6.737494&amp;b=1a&amp;c=0&amp;k1=en-US&amp;k2=km\"><img loading=\"lazy\" decoding=\"async\" width=\"839\" height=\"746\" src=\"https:\/\/2022.asta-trier.de\/wp-content\/uploads\/2022\/02\/runde_trier_sommerau.png\" alt=\"\" class=\"wp-image-857\" srcset=\"https:\/\/www.asta-trier.de\/wp-content\/uploads\/2022\/02\/runde_trier_sommerau.png 839w, https:\/\/www.asta-trier.de\/wp-content\/uploads\/2022\/02\/runde_trier_sommerau-300x267.png 300w, https:\/\/www.asta-trier.de\/wp-content\/uploads\/2022\/02\/runde_trier_sommerau-768x683.png 768w, https:\/\/www.asta-trier.de\/wp-content\/uploads\/2022\/02\/runde_trier_sommerau-13x12.png 13w\" sizes=\"auto, (max-width: 839px) 100vw, 839px\" \/><\/a><figcaption class=\"wp-element-caption\">Von Trier nach Sommerau, Service \u00a9 <a href=\"https:\/\/openrouteservice.org\">openrouteservice.org<\/a> | Map data \u00a9 <a href=\"https:\/\/openstreetmap.org\/copyright\">OpenStreetMap<\/a> contributors<\/figcaption><\/figure>\n<\/div>\n\n\n<p>Ein idealer Sonntagsausflug, wenn es nicht zu hei\u00df ist. Die Strecke ist in einer Richtung 14 km lang und verl\u00e4uft ab Ruwer (Km 5) sanft ansteigend auf einer ehemaligen Eisenbahntrasse. Das Ziel <a href=\"https:\/\/de.wikipedia.org\/wiki\/Sommerau_(an_der_Ruwer)\">Sommerau<\/a> hat eine kleine Burgruine und Saisongastronomie. Zur\u00fcck f\u00e4hrt man auf der gleichen Route. Zwischen Trier und Waldrach fahren die Buslinien 30\/86 und in der N\u00e4he von Sommerau (Gusterath-Tal\/Romika) die Linien 31\/88. Ein Klick auf die Karte \u00f6ffnet den Routenplaner.<\/p>\n\n\n\n<hr class=\"wp-block-separator has-css-opacity\"\/>\n\n\n\n<h5 class=\"wp-block-heading has-medium-font-size\" id=\"route-kurenz\" style=\"font-style:normal;font-weight:300\">UM DIE UNI HERUM<\/h5>\n\n\n<div class=\"wp-block-image\">\n<figure class=\"aligncenter size-full\"><a href=\"http:\/\/maps.openrouteservice.org\/directions?n1=49.746391&amp;n2=6.674237&amp;n3=14&amp;a=49.749015,6.640913,49.740873,6.672425,49.729951,6.694064,49.734258,6.705426,49.736913,6.707239,49.743785,6.698828,49.75934,6.680996,49.763346,6.667392,49.759201,6.658359,49.757857,6.652479&amp;b=1a&amp;c=0&amp;k1=en-US&amp;k2=km\"><img loading=\"lazy\" decoding=\"async\" width=\"957\" height=\"747\" src=\"https:\/\/2022.asta-trier.de\/wp-content\/uploads\/2022\/02\/runde_um_uni.png\" alt=\"\" class=\"wp-image-858\" srcset=\"https:\/\/www.asta-trier.de\/wp-content\/uploads\/2022\/02\/runde_um_uni.png 957w, https:\/\/www.asta-trier.de\/wp-content\/uploads\/2022\/02\/runde_um_uni-300x234.png 300w, https:\/\/www.asta-trier.de\/wp-content\/uploads\/2022\/02\/runde_um_uni-768x599.png 768w, https:\/\/www.asta-trier.de\/wp-content\/uploads\/2022\/02\/runde_um_uni-15x12.png 15w\" sizes=\"auto, (max-width: 957px) 100vw, 957px\" \/><\/a><figcaption class=\"wp-element-caption\">(Fast) eine Runde um die Uni herum, Service \u00a9 <a href=\"http:\/\/https\/\/openrouteservice.org\">openrouteservice.org<\/a> | Map data \u00a9 <a href=\"https:\/\/openstreetmap.org\/copyright\">OpenStreetMap<\/a> contributors<\/figcaption><\/figure>\n<\/div>\n\n\n<p>Eine sinnfreie Runde f\u00fcr Leute mit etwas sportlichem Ehrgeiz. Anfang und Ende sind nur ungef\u00e4hr, denn sicher wird jede\/r dort starten und enden, wo er\/ sie will. Der h\u00f6chste Punkt liegt in der N\u00e4he der drei Tarforster Wirtsh\u00e4user, und zur Uni gibt es meistens nicht mal Sichtkontakt. Ein Klick auf die Karte \u00f6ffnet den Routenplaner.<\/p>\n\n\n\n<p><\/p>\n","protected":false},"excerpt":{"rendered":"<p>Aus der Stadt gibt es vor allem zwei empfehlenswerte Fahrradrouten zur Uni: \u00fcber K\u00fcrenz und \u00fcber Olewig. Zur\u00fcck f\u00e4hrt man sie einfach in umgekehrter Richtung. Wege zur\u00fcck in die Stadt gibt es aber auch mit sch\u00f6ner Aussicht oder in schnell. Ein Klick auf die Karte \u00f6ffnet den Routenplaner. ROUTE K\u00dcRENZ Die Route f\u00fchrt vom Hauptbahnhof&hellip;&nbsp;<a href=\"https:\/\/www.asta-trier.de\/gb\/mit-dem-rad-zur-uni-und-andere-routen\/\" rel=\"bookmark\">Read More &raquo;<span class=\"screen-reader-text\">Mit dem Rad zur Uni (und andere Routen)<\/span><\/a><\/p>\n","protected":false},"author":4,"featured_media":0,"parent":0,"menu_order":0,"comment_status":"closed","ping_status":"closed","template":"","meta":{"neve_meta_sidebar":"","neve_meta_container":"","neve_meta_enable_content_width":"","neve_meta_content_width":0,"neve_meta_title_alignment":"","neve_meta_author_avatar":"","neve_post_elements_order":"","neve_meta_disable_header":"","neve_meta_disable_footer":"","neve_meta_disable_title":"","footnotes":""},"class_list":["post-850","page","type-page","status-publish","hentry"],"translation":{"provider":"WPGlobus","version":"3.0.2","language":"gb","enabled_languages":["de","gb"],"languages":{"de":{"title":true,"content":true,"excerpt":false},"gb":{"title":false,"content":false,"excerpt":false}}},"_links":{"self":[{"href":"https:\/\/www.asta-trier.de\/gb\/wp-json\/wp\/v2\/pages\/850","targetHints":{"allow":["GET"]}}],"collection":[{"href":"https:\/\/www.asta-trier.de\/gb\/wp-json\/wp\/v2\/pages"}],"about":[{"href":"https:\/\/www.asta-trier.de\/gb\/wp-json\/wp\/v2\/types\/page"}],"author":[{"embeddable":true,"href":"https:\/\/www.asta-trier.de\/gb\/wp-json\/wp\/v2\/users\/4"}],"replies":[{"embeddable":true,"href":"https:\/\/www.asta-trier.de\/gb\/wp-json\/wp\/v2\/comments?post=850"}],"version-history":[{"count":10,"href":"https:\/\/www.asta-trier.de\/gb\/wp-json\/wp\/v2\/pages\/850\/revisions"}],"predecessor-version":[{"id":17477,"href":"https:\/\/www.asta-trier.de\/gb\/wp-json\/wp\/v2\/pages\/850\/revisions\/17477"}],"wp:attachment":[{"href":"https:\/\/www.asta-trier.de\/gb\/wp-json\/wp\/v2\/media?parent=850"}],"curies":[{"name":"wp","href":"https:\/\/api.w.org\/{rel}","templated":true}]}}