{"id":775,"date":"2022-02-17T00:03:51","date_gmt":"2022-02-17T00:03:51","guid":{"rendered":"https:\/\/2022.asta-trier.de\/?page_id=775"},"modified":"2026-05-11T12:26:46","modified_gmt":"2026-05-11T12:26:46","slug":"cafe-kunterbunt","status":"publish","type":"page","link":"https:\/\/www.asta-trier.de\/gb\/cafe-kunterbunt\/","title":{"rendered":"Caf\u00e9 Kunterbunt"},"content":{"rendered":"\n<div class=\"wp-block-columns is-layout-flex wp-container-core-columns-is-layout-9d6595d7 wp-block-columns-is-layout-flex\">\n<div class=\"wp-block-column is-layout-flow wp-block-column-is-layout-flow\" style=\"flex-basis:66.66%\">\n<p>Caf\u00e9 Kunterbunt in the Studihaus is not only an AStA offer for fair and cheap coffee, but also a place where you can get away from the campus feeling. Come by if you fancy a short (or longer) break in a pleasant atmosphere with nice people. The caf\u00e9 also offers access to the university WiFi &#8211; so if the library seems too quiet and sterile, you&#8217;ll find a new place to work here. A number of weekly <a href=\"https:\/\/www.asta-trier.de\/gb\/referatsbibliotheken\/\">newspapers <\/a>are also available in the Studihaus.<br><br>We put a lot of emphasis on fair trade and support the &#8216;Weltladen&#8217; in the Pf\u00fctzenstra\u00dfe, where we buy our many teas and the delicious GEPA chocolate bars. We get our coffee from the Caf\u00e9 Libertad collective, who support cooperatively organised smallholder families who grow their coffee organically and pesticide-free under shade trees in the traditional way. We also try to offer many vegan alternatives &#8211; for example, through our large selection of different milks. Taste your way through them!<\/p>\n<\/div>\n\n\n\n<div class=\"wp-block-column is-layout-flow wp-block-column-is-layout-flow\"><\/div>\n\n\n\n<div class=\"wp-block-column is-layout-flow wp-block-column-is-layout-flow\" style=\"flex-basis:33.33%\">\n<figure class=\"wp-block-image size-large is-resized\"><img loading=\"lazy\" decoding=\"async\" width=\"1024\" height=\"1024\" src=\"https:\/\/www.asta-trier.de\/wp-content\/uploads\/2026\/05\/Logo_Cafe-Kunterbunt_2023_bg_Zeichenflaeche-1-Kopie-2-1024x1024.jpg\" alt=\"\" class=\"wp-image-18762\" style=\"width:220px;height:auto\" srcset=\"https:\/\/www.asta-trier.de\/wp-content\/uploads\/2026\/05\/Logo_Cafe-Kunterbunt_2023_bg_Zeichenflaeche-1-Kopie-2-1024x1024.jpg 1024w, https:\/\/www.asta-trier.de\/wp-content\/uploads\/2026\/05\/Logo_Cafe-Kunterbunt_2023_bg_Zeichenflaeche-1-Kopie-2-300x300.jpg 300w, https:\/\/www.asta-trier.de\/wp-content\/uploads\/2026\/05\/Logo_Cafe-Kunterbunt_2023_bg_Zeichenflaeche-1-Kopie-2-150x150.jpg 150w, https:\/\/www.asta-trier.de\/wp-content\/uploads\/2026\/05\/Logo_Cafe-Kunterbunt_2023_bg_Zeichenflaeche-1-Kopie-2-768x768.jpg 768w, https:\/\/www.asta-trier.de\/wp-content\/uploads\/2026\/05\/Logo_Cafe-Kunterbunt_2023_bg_Zeichenflaeche-1-Kopie-2-1536x1536.jpg 1536w, https:\/\/www.asta-trier.de\/wp-content\/uploads\/2026\/05\/Logo_Cafe-Kunterbunt_2023_bg_Zeichenflaeche-1-Kopie-2-2048x2048.jpg 2048w\" sizes=\"auto, (max-width: 1024px) 100vw, 1024px\" \/><\/figure>\n\n\n\n<hr class=\"wp-block-separator has-alpha-channel-opacity\"\/>\n\n\n\n<div class=\"wp-block-columns is-layout-flex wp-container-core-columns-is-layout-9d6595d7 wp-block-columns-is-layout-flex\">\n<div class=\"wp-block-column is-layout-flow wp-block-column-is-layout-flow\" style=\"flex-basis:66.66%\">\n<p class=\"has-text-align-center\"><strong>Opening hours<\/strong><\/p>\n\n\n\n<p class=\"has-text-align-center\">Monday to Thursday<br>11:00 \u2014 16:00<br>Place: Studihaus<\/p>\n<\/div>\n\n\n\n<div class=\"wp-block-column is-layout-flow wp-block-column-is-layout-flow\" style=\"flex-basis:33.33%\"><\/div>\n<\/div>\n<\/div>\n<\/div>\n\n\n\n<hr class=\"wp-block-separator has-alpha-channel-opacity\"\/>\n\n\n\n<h5 class=\"wp-block-heading\">DRINKS MENu<\/h5>\n\n\n\n<figure class=\"wp-block-gallery has-nested-images columns-default is-cropped wp-block-gallery-1 is-layout-flex wp-block-gallery-is-layout-flex\"><div class=\"wp-block-image is-style-default\">\n<figure class=\"aligncenter size-large\"><img loading=\"lazy\" decoding=\"async\" width=\"611\" height=\"855\" data-id=\"18761\" src=\"https:\/\/www.asta-trier.de\/wp-content\/uploads\/2026\/05\/Karte_2026_Bild.png\" alt=\"\" class=\"wp-image-18761\" srcset=\"https:\/\/www.asta-trier.de\/wp-content\/uploads\/2026\/05\/Karte_2026_Bild.png 611w, https:\/\/www.asta-trier.de\/wp-content\/uploads\/2026\/05\/Karte_2026_Bild-214x300.png 214w\" sizes=\"auto, (max-width: 611px) 100vw, 611px\" \/><\/figure>\n<\/div><\/figure>\n\n\n\n<hr class=\"wp-block-separator has-css-opacity\"\/>\n\n\n\n<div style=\"height:100px\" aria-hidden=\"true\" class=\"wp-block-spacer\"><\/div>\n\n\n\n<figure class=\"wp-block-gallery has-nested-images columns-default is-cropped wp-block-gallery-2 is-layout-flex wp-block-gallery-is-layout-flex\">\n<figure class=\"wp-block-image size-large\"><img loading=\"lazy\" decoding=\"async\" width=\"768\" height=\"1024\" data-id=\"18763\" src=\"https:\/\/www.asta-trier.de\/wp-content\/uploads\/2026\/05\/IMG_6137-768x1024.jpg\" alt=\"\" class=\"wp-image-18763\" srcset=\"https:\/\/www.asta-trier.de\/wp-content\/uploads\/2026\/05\/IMG_6137-768x1024.jpg 768w, https:\/\/www.asta-trier.de\/wp-content\/uploads\/2026\/05\/IMG_6137-225x300.jpg 225w, https:\/\/www.asta-trier.de\/wp-content\/uploads\/2026\/05\/IMG_6137-1152x1536.jpg 1152w, https:\/\/www.asta-trier.de\/wp-content\/uploads\/2026\/05\/IMG_6137.jpg 1536w\" sizes=\"auto, (max-width: 768px) 100vw, 768px\" \/><\/figure>\n\n\n\n<figure class=\"wp-block-image size-large\"><img loading=\"lazy\" decoding=\"async\" width=\"768\" height=\"1024\" data-id=\"18764\" src=\"https:\/\/www.asta-trier.de\/wp-content\/uploads\/2026\/05\/IMG_6142-768x1024.jpg\" alt=\"\" class=\"wp-image-18764\" srcset=\"https:\/\/www.asta-trier.de\/wp-content\/uploads\/2026\/05\/IMG_6142-768x1024.jpg 768w, https:\/\/www.asta-trier.de\/wp-content\/uploads\/2026\/05\/IMG_6142-225x300.jpg 225w, https:\/\/www.asta-trier.de\/wp-content\/uploads\/2026\/05\/IMG_6142-1152x1536.jpg 1152w, https:\/\/www.asta-trier.de\/wp-content\/uploads\/2026\/05\/IMG_6142.jpg 1536w\" sizes=\"auto, (max-width: 768px) 100vw, 768px\" \/><\/figure>\n\n\n\n<figure class=\"wp-block-image size-large\"><img loading=\"lazy\" decoding=\"async\" width=\"768\" height=\"1024\" data-id=\"18765\" src=\"https:\/\/www.asta-trier.de\/wp-content\/uploads\/2026\/05\/IMG_6146-768x1024.jpg\" alt=\"\" class=\"wp-image-18765\" srcset=\"https:\/\/www.asta-trier.de\/wp-content\/uploads\/2026\/05\/IMG_6146-768x1024.jpg 768w, https:\/\/www.asta-trier.de\/wp-content\/uploads\/2026\/05\/IMG_6146-225x300.jpg 225w, https:\/\/www.asta-trier.de\/wp-content\/uploads\/2026\/05\/IMG_6146-1152x1536.jpg 1152w, https:\/\/www.asta-trier.de\/wp-content\/uploads\/2026\/05\/IMG_6146.jpg 1536w\" sizes=\"auto, (max-width: 768px) 100vw, 768px\" \/><\/figure>\n\n\n\n<figure class=\"wp-block-image size-large\"><img loading=\"lazy\" decoding=\"async\" width=\"768\" height=\"1024\" data-id=\"18766\" src=\"https:\/\/www.asta-trier.de\/wp-content\/uploads\/2026\/05\/IMG_6153-768x1024.jpg\" alt=\"\" class=\"wp-image-18766\" srcset=\"https:\/\/www.asta-trier.de\/wp-content\/uploads\/2026\/05\/IMG_6153-768x1024.jpg 768w, https:\/\/www.asta-trier.de\/wp-content\/uploads\/2026\/05\/IMG_6153-225x300.jpg 225w, https:\/\/www.asta-trier.de\/wp-content\/uploads\/2026\/05\/IMG_6153-1152x1536.jpg 1152w, https:\/\/www.asta-trier.de\/wp-content\/uploads\/2026\/05\/IMG_6153.jpg 1536w\" sizes=\"auto, (max-width: 768px) 100vw, 768px\" \/><\/figure>\n<\/figure>\n","protected":false},"excerpt":{"rendered":"<p>Caf\u00e9 Kunterbunt in the Studihaus is not only an AStA offer for fair and cheap coffee, but also a place where you can get away from the campus feeling. Come by if you fancy a short (or longer) break in a pleasant atmosphere with nice people. The caf\u00e9 also offers access to the university WiFi&hellip;&nbsp;<a href=\"https:\/\/www.asta-trier.de\/gb\/cafe-kunterbunt\/\" rel=\"bookmark\">Read More &raquo;<span class=\"screen-reader-text\">Caf\u00e9 Kunterbunt<\/span><\/a><\/p>\n","protected":false},"author":4,"featured_media":0,"parent":0,"menu_order":0,"comment_status":"closed","ping_status":"closed","template":"","meta":{"neve_meta_sidebar":"","neve_meta_container":"","neve_meta_enable_content_width":"","neve_meta_content_width":0,"neve_meta_title_alignment":"","neve_meta_author_avatar":"","neve_post_elements_order":"","neve_meta_disable_header":"","neve_meta_disable_footer":"","neve_meta_disable_title":"","footnotes":""},"class_list":["post-775","page","type-page","status-publish","hentry"],"translation":{"provider":"WPGlobus","version":"3.0.2","language":"gb","enabled_languages":["de","gb"],"languages":{"de":{"title":true,"content":true,"excerpt":false},"gb":{"title":true,"content":true,"excerpt":false}}},"_links":{"self":[{"href":"https:\/\/www.asta-trier.de\/gb\/wp-json\/wp\/v2\/pages\/775","targetHints":{"allow":["GET"]}}],"collection":[{"href":"https:\/\/www.asta-trier.de\/gb\/wp-json\/wp\/v2\/pages"}],"about":[{"href":"https:\/\/www.asta-trier.de\/gb\/wp-json\/wp\/v2\/types\/page"}],"author":[{"embeddable":true,"href":"https:\/\/www.asta-trier.de\/gb\/wp-json\/wp\/v2\/users\/4"}],"replies":[{"embeddable":true,"href":"https:\/\/www.asta-trier.de\/gb\/wp-json\/wp\/v2\/comments?post=775"}],"version-history":[{"count":49,"href":"https:\/\/www.asta-trier.de\/gb\/wp-json\/wp\/v2\/pages\/775\/revisions"}],"predecessor-version":[{"id":18780,"href":"https:\/\/www.asta-trier.de\/gb\/wp-json\/wp\/v2\/pages\/775\/revisions\/18780"}],"wp:attachment":[{"href":"https:\/\/www.asta-trier.de\/gb\/wp-json\/wp\/v2\/media?parent=775"}],"curies":[{"name":"wp","href":"https:\/\/api.w.org\/{rel}","templated":true}]}}