{"id":750,"date":"2022-02-16T19:20:58","date_gmt":"2022-02-16T19:20:58","guid":{"rendered":"https:\/\/2022.asta-trier.de\/?page_id=750"},"modified":"2022-03-10T15:39:05","modified_gmt":"2022-03-10T15:39:05","slug":"input-sex-salons","status":"publish","type":"page","link":"https:\/\/www.asta-trier.de\/gb\/input-sex-salons\/","title":{"rendered":"Input Sex Salons"},"content":{"rendered":"\n<h6 class=\"wp-block-heading\" id=\"input-aus-dem-sex-salon-zu-masturbation-vom-28-10-21\">Input aus dem Sex Salon zu \u201eMasturbation\u201c vom 28.10.21:<\/h6>\n\n\n\n<ul class=\"wp-block-list\"><li>Alternative Pornos:<ul><li><a href=\"https:\/\/erikalust.com\/\">Erika Lust<\/a>: Pornodirektorin realistischer, empowering Pornovideos<\/li><li><a href=\"https:\/\/sexschoolhub.com\">Sex School<\/a>: Pornos mit p\u00e4dagogischem Anspruch<\/li><li><a href=\"https:\/\/lustery.com\/\">Lustery<\/a>: \u201eHomemade\u201c Pornos von realen Partner*innen<\/li><li><a href=\"https:\/\/www.femtasy.com\/de\/\">Femtasy<\/a>: Erotische Audiogeschichten<\/li><li><a href=\"https:\/\/www.bellesa.co\/\">Bellesa.co<\/a>: Von Frauen gemachte Pornoseite<\/li><li><a href=\"https:\/\/www.instagram.com\/getcheex\/\">GetCheex<\/a>: Erotische Videos, Audiogeschichten und erzieherische Videos<\/li><\/ul><\/li><li>Weiterbildung:<ul><li><a href=\"https:\/\/kinkykarrot.com\/\">Kinky Karrot<\/a>: Sex-positive Erkl\u00e4rungsartikel zu vielen Themen mit Zeichnungen, vor allem f\u00fcr Themenneulinge geeignet (mit der M\u00f6glichkeit, kinky Comissions von sich zu bestellen)<\/li><li><a href=\"https:\/\/www.omgyes.com\/de\/\">OMGyes<\/a>: Masturbations- und Sextechniken f\u00fcr die weibliche Lust<\/li><li><a href=\"https:\/\/www.ohjoysextoy.com\/\">Oh Joy, Sex Toy<\/a>: Rezensionen zu Sex Toys<\/li><li><a href=\"https:\/\/www.instagram.com\/sexologisch\/\">Sexologisch<\/a>: Influencerin und Sexualp\u00e4dagogin mit Aufkl\u00e4rung zu vielen Themen rund um Sex, Masturbation und mehr<\/li><\/ul><\/li><li>Netflixserien:<ul><li><a href=\"https:\/\/www.netflix.com\/title\/81140470\">Sexify<\/a>: Beschreibung: \u201eF\u00fcr einen Technik-Wettbewerb will eine sexuell unerfahrene Sch\u00fclerin mit Freunden eine innovative Sex-App erschaffen und erforscht daf\u00fcr die prek\u00e4re Welt der Sexualit\u00e4t.\u201c<\/li><li><a href=\"https:\/\/www.netflix.com\/title\/80197526\">Sex Education<\/a>: Beschreibung: \u201eNerd Otis hat dank seiner Mutter, einer Sexualtherapeutin, alle Antworten parat. Daher will seine rebellische Mitsch\u00fclerin in der Schule eine Sextherapieklinik er\u00f6ffnen.\u201c<\/li><\/ul><\/li><\/ul>\n\n\n\n<p><\/p>\n","protected":false},"excerpt":{"rendered":"<p>Input aus dem Sex Salon zu \u201eMasturbation\u201c vom 28.10.21: Alternative Pornos: Erika Lust: Pornodirektorin realistischer, empowering Pornovideos Sex School: Pornos mit p\u00e4dagogischem Anspruch Lustery: \u201eHomemade\u201c Pornos von realen Partner*innen Femtasy: Erotische Audiogeschichten Bellesa.co: Von Frauen gemachte Pornoseite GetCheex: Erotische Videos, Audiogeschichten und erzieherische Videos Weiterbildung: Kinky Karrot: Sex-positive Erkl\u00e4rungsartikel zu vielen Themen mit Zeichnungen, vor&hellip;&nbsp;<a href=\"https:\/\/www.asta-trier.de\/gb\/input-sex-salons\/\" rel=\"bookmark\">Read More &raquo;<span class=\"screen-reader-text\">Input Sex Salons<\/span><\/a><\/p>\n","protected":false},"author":4,"featured_media":0,"parent":0,"menu_order":0,"comment_status":"closed","ping_status":"closed","template":"","meta":{"neve_meta_sidebar":"","neve_meta_container":"","neve_meta_enable_content_width":"","neve_meta_content_width":0,"neve_meta_title_alignment":"","neve_meta_author_avatar":"","neve_post_elements_order":"","neve_meta_disable_header":"","neve_meta_disable_footer":"","neve_meta_disable_title":"","footnotes":""},"class_list":["post-750","page","type-page","status-publish","hentry"],"translation":{"provider":"WPGlobus","version":"3.0.2","language":"gb","enabled_languages":["de","gb"],"languages":{"de":{"title":true,"content":true,"excerpt":false},"gb":{"title":false,"content":false,"excerpt":false}}},"_links":{"self":[{"href":"https:\/\/www.asta-trier.de\/gb\/wp-json\/wp\/v2\/pages\/750","targetHints":{"allow":["GET"]}}],"collection":[{"href":"https:\/\/www.asta-trier.de\/gb\/wp-json\/wp\/v2\/pages"}],"about":[{"href":"https:\/\/www.asta-trier.de\/gb\/wp-json\/wp\/v2\/types\/page"}],"author":[{"embeddable":true,"href":"https:\/\/www.asta-trier.de\/gb\/wp-json\/wp\/v2\/users\/4"}],"replies":[{"embeddable":true,"href":"https:\/\/www.asta-trier.de\/gb\/wp-json\/wp\/v2\/comments?post=750"}],"version-history":[{"count":3,"href":"https:\/\/www.asta-trier.de\/gb\/wp-json\/wp\/v2\/pages\/750\/revisions"}],"predecessor-version":[{"id":15643,"href":"https:\/\/www.asta-trier.de\/gb\/wp-json\/wp\/v2\/pages\/750\/revisions\/15643"}],"wp:attachment":[{"href":"https:\/\/www.asta-trier.de\/gb\/wp-json\/wp\/v2\/media?parent=750"}],"curies":[{"name":"wp","href":"https:\/\/api.w.org\/{rel}","templated":true}]}}