{"id":13339,"date":"2022-10-05T22:36:39","date_gmt":"2022-10-05T22:36:39","guid":{"rendered":"https:\/\/www.asta-trier.de\/?page_id=13339"},"modified":"2025-01-15T13:55:34","modified_gmt":"2025-01-15T13:55:34","slug":"beratung-services","status":"publish","type":"page","link":"https:\/\/www.asta-trier.de\/gb\/beratung-services\/","title":{"rendered":"Beratung &#038; Services"},"content":{"rendered":"\n<div class=\"wp-block-columns is-layout-flex wp-container-core-columns-is-layout-9d6595d7 wp-block-columns-is-layout-flex\">\n<div class=\"wp-block-column is-layout-flow wp-block-column-is-layout-flow\" style=\"flex-basis:33.33%\">\n<figure class=\"wp-block-image size-large\"><img loading=\"lazy\" decoding=\"async\" width=\"1024\" height=\"966\" src=\"https:\/\/www.asta-trier.de\/wp-content\/uploads\/2022\/10\/Element-2@300x-1-1024x966.png\" alt=\"\" class=\"wp-image-13768\" srcset=\"https:\/\/www.asta-trier.de\/wp-content\/uploads\/2022\/10\/Element-2@300x-1-1024x966.png 1024w, https:\/\/www.asta-trier.de\/wp-content\/uploads\/2022\/10\/Element-2@300x-1-300x283.png 300w, https:\/\/www.asta-trier.de\/wp-content\/uploads\/2022\/10\/Element-2@300x-1-768x725.png 768w, https:\/\/www.asta-trier.de\/wp-content\/uploads\/2022\/10\/Element-2@300x-1-1536x1450.png 1536w, https:\/\/www.asta-trier.de\/wp-content\/uploads\/2022\/10\/Element-2@300x-1-2048x1933.png 2048w\" sizes=\"auto, (max-width: 1024px) 100vw, 1024px\" \/><\/figure>\n<\/div>\n\n\n\n<div class=\"wp-block-column is-layout-flow wp-block-column-is-layout-flow\" style=\"flex-basis:66.66%\">\n<div style=\"height:100px\" aria-hidden=\"true\" class=\"wp-block-spacer\"><\/div>\n\n\n\n<h1 class=\"wp-block-heading\">Beratung &amp; Services<\/h1>\n\n\n\n<p>Die Beratungen und Services auf dem Campus k\u00f6nnen verwirrend und versteckt sein. Wir geben euch einen \u00dcberblick!<\/p>\n\n\n\n<h6 class=\"wp-block-heading has-text-align-left\" id=\"politischelisten\"><a href=\"#allgemein\">Allgemeine Anlaufstellen<\/a>  |  <a href=\"#finanzen\">Finanzen<\/a>  |  <a href=\"#weitere\">Weitere Beratungen<\/a>  |  <a href=\"#internationales\">Internationales<\/a><\/h6>\n<\/div>\n<\/div>\n\n\n\n<div style=\"height:100px\" aria-hidden=\"true\" class=\"wp-block-spacer\"><\/div>\n\n\n\n<hr class=\"wp-block-separator has-alpha-channel-opacity\"\/>\n\n\n\n<h3 class=\"wp-block-heading\" id=\"allgemein\">Allgemeine Anlaufstellen<\/h3>\n\n\n\n<div class=\"wp-block-columns is-layout-flex wp-container-core-columns-is-layout-9d6595d7 wp-block-columns-is-layout-flex\">\n<div class=\"wp-block-column is-layout-flow wp-block-column-is-layout-flow\">\n<h4 class=\"wp-block-heading\">Studiwerk<\/h4>\n\n\n\n<p>Im <strong>Studiwerk Office SO!<\/strong> in der Mensa bekommst du Informationen zu allen Serviceangeboten des Studiwerks. Das SO! ist die erste Anlaufstelle f\u00fcr die Rechtsberatung, die Psychosoziale Beratung sowie Zusch\u00fcsse und Darlehen des Studiwerks. Ebenso f\u00fcr die Beratung von Studis mit Kind und Studium mit Behinderung. <br>Daneben wird dir aber u. a. auch bei Problemen mit der Bezahlfunktion der TUNIKA bzw. der Sperrung oder Geldumbuchungen, bei der Einrichtung von MensaLoad und der Stornierung von Tukan-Tickets geholfen. Au\u00dferdem kannst du dir hier Bib-Schl\u00f6sser erwerben, ein vorl\u00e4ufiges Semesterticket ausstellen lassen, ein Wohnheimzimmer suchen oder anbieten und deinen Internet-Traffic im Wohnheim upgraden. Aber auch sonst wird dir hier bei vielen anderen Fragen und Problemen geholfen.<br>Neben dem klassischen Angebot des Studiwerks findest zu du hier auch einen Ticketvorverkauf von Ticket-Regional und bekommst eine International Student Identity-Card.<br><br>Bei allen Anliegen rund um das <strong>Studentische Wohnen<\/strong> des Studiwerks bist du im B\u00fcro des Studiwerks im Studihaus richtig. <\/p>\n\n\n\n<p><strong>Kontakt \/Infos<\/strong><br><a href=\"mailto:welcome@studiwerk.de\">welcome@studiwerk.de<\/a><br><a href=\"https:\/\/www.studiwerk.de\/\">studiwerk.de<\/a><br>0800 &#8211; 788 34 93 75<br><em>Studiwerk Office SO!: <\/em><br>Mensa Foyer<br>\u00d6ffnungszeiten: Mo.- Fr. 10:00 bis 14:00 Uhr<br><em>Gesch\u00e4ftsleitung &amp; Studentisches Wohnen:<\/em><br>Studihaus (Eingang rechts unten)<br><\/p>\n<\/div>\n\n\n\n<div class=\"wp-block-column is-layout-flow wp-block-column-is-layout-flow\">\n<h4 class=\"wp-block-heading\">zentrale STudienberatung<\/h4>\n\n\n\n<p>Die Zentrale Studienberatung (ZSB) ist die Anlaufstelle f\u00fcr (angehende) Studierende der Universit\u00e4t Trier. Wir helfen weiter, wenn Sie die richtigen Ansprechpartner*innen f\u00fcr Ihre Fragen suchen. Wir informieren und beraten vor und auch w\u00e4hrend des Studiums, auch zu besonderen Lebenslagen (Studieren ohne Abitur, Studieren mit Kind, Studieren mit einer Beeintr\u00e4chtigung). Rufen Sie uns an, schreiben Sie uns oder kommen Sie einfach vorbei. Beratungstermine k\u00f6nnen vor Ort, telefonisch oder per Videochat stattfinden. Zusammen mit unseren Kooperationspartner*innen bieten wir au\u00dferdem regelm\u00e4\u00dfig wiederkehrende Info-Veranstaltungen an, die kostenlos sind und sich an Studierende aller Fachbereiche richten.<\/p>\n\n\n\n<p><strong><strong>Kontakt \/Infos<\/strong><\/strong><br><a href=\"mailto:studium@uni-trier.de\">studium@uni-trier.de<\/a>   <br><a href=\"http:\/\/zsb.uni-trier.de\">zsb.uni-trier.de<\/a><br>+49 651 201-2805<br>Geb\u00e4ude V, Raum 31<br><\/p>\n<\/div>\n\n\n\n<div class=\"wp-block-column is-layout-flow wp-block-column-is-layout-flow\">\n<h4 class=\"wp-block-heading\">STudierendensekretariat<\/h4>\n\n\n\n<p>Das Studierendensekretariat k\u00fcmmert sich um alles rund um Zulassung und Einschreibung an der Uni: Bewerbung, Einschreibung (Immatrikulation), R\u00fcckmeldung, Beurlaubung, Exmatrikulation, Fachwechsel, Semesterbeitr\u00e4ge, Gast- und Zweith\u00f6rerstatus und Anerkennung ausl\u00e4ndische Bildungsnachweise.<\/p>\n\n\n\n<p><strong><strong>Kontakt \/Infos<\/strong><\/strong><br><a href=\"javascript:linkTo_UnCryptMailto(%27nbjmup%2BtuvtflAvoj.usjfs%5C%2Fef%27);\">stusek@uni-trier.de<\/a><br><a href=\"http:\/\/stusek.uni-trier.de\">stusek.uni-trier.de<\/a><br>V-Geb\u00e4ude \/ Erdgeschoss<\/p>\n<\/div>\n<\/div>\n\n\n\n<div style=\"height:50px\" aria-hidden=\"true\" class=\"wp-block-spacer\"><\/div>\n\n\n\n<div class=\"wp-block-columns is-layout-flex wp-container-core-columns-is-layout-9d6595d7 wp-block-columns-is-layout-flex\">\n<div class=\"wp-block-column is-layout-flow wp-block-column-is-layout-flow\">\n<h4 class=\"wp-block-heading\">Hochschulpr\u00fcfungsamt<\/h4>\n\n\n\n<p>Das HPA ist die universit\u00e4re Verwaltungsstelle f\u00fcr die Durchf\u00fchrung der Bachelor- und Masterpr\u00fcfungen. Die Mitarbeiter*innen des Hochschulpr\u00fcfungsamtes beraten euch in allen Pr\u00fcfungsangelegenheiten z. B. zu Pr\u00fcfungsordnungen, Anmeldungen \/ R\u00fccktritten und Krankmeldungen. <\/p>\n\n\n\n<p><strong>Kontakt \/Infos<\/strong><br><a href=\"mailto:pruefung@uni-trier.de\">pruefung@uni-trier.de<\/a>  <br><a href=\"http:\/\/hpa.uni-trier.de\">hpa.uni-trier.de<\/a><br>V-Geb\u00e4ude \/ 1. Etage<\/p>\n<\/div>\n\n\n\n<div class=\"wp-block-column is-layout-flow wp-block-column-is-layout-flow\">\n<h4 class=\"wp-block-heading\">ZIMK<\/h4>\n\n\n\n<p>Das ZIMK der Universit\u00e4t Trier ist zust\u00e4ndig f\u00fcr die Versorgung mit Informations-, Medien- und Kommunikationstechnologie. F\u00fcr s\u00e4mtliche Fragen zu unseren IT-Services steht Ihnen unser Service-Punkt gerne zur Verf\u00fcgung. Auf unserer Webseite unter <a href=\"https:\/\/zimk-erstis.uni-trier.de\">zimk-erstis.uni-trier.de<\/a> stellen wir Ihnen einzelne unserer Dienste und Services vor, damit Sie sich mit den Begriffen vertraut machen und ein Teil unseres Angebotes kennenlernen.<\/p>\n\n\n\n<p><strong><strong>Kontakt \/Infos<\/strong><\/strong><br><a href=\"mailto:zimkservice@uni-trier.de\">zimkservice@uni-trier.de<\/a>  <br><a href=\"http:\/\/zimk.uni-trier.de\">zimk.uni-trier.de<\/a><br>+49 (0)651 \/ 201 \u2013 4400 <\/p>\n<\/div>\n\n\n\n<div class=\"wp-block-column is-layout-flow wp-block-column-is-layout-flow\">\n<h4 class=\"wp-block-heading\">uniSPORT<\/h4>\n\n\n\n<p>Um den studentischen Alltag aktiver gestalten zu k\u00f6nnen, bietet der uniSPORT ein umfangreiches Angebot f\u00fcr Studis an. Hier kannst du dir aus einem vielseitigen Sportartenangebot (alle Niveaus vertreten), indoor wie outdoor, das aussuchen, was zu dir passt und somit etwas f\u00fcr Gesundheit und Studienerfolg tun.<\/p>\n\n\n\n<p><strong><strong>Kontakt \/Infos<\/strong><\/strong><br><a href=\"http:\/\/uniSPORT.uni-trier.de\">uniSPORT.uni-trier.de<\/a><br><\/p>\n<\/div>\n<\/div>\n\n\n\n<hr class=\"wp-block-separator has-alpha-channel-opacity\"\/>\n\n\n\n<h3 class=\"wp-block-heading\" id=\"finanzen\">Finanzen<\/h3>\n\n\n\n<div class=\"wp-block-columns is-layout-flex wp-container-core-columns-is-layout-9d6595d7 wp-block-columns-is-layout-flex\">\n<div class=\"wp-block-column is-layout-flow wp-block-column-is-layout-flow\">\n<h4 class=\"wp-block-heading\">BAf\u00f6g amt<\/h4>\n\n\n\n<p>Wer sein Studium mit BAf\u00f6G finanzieren m\u00f6chte, kommt um das BAf\u00f6G-Amt nicht herum. Es findet sich auf Campus I im V-Geb\u00e4ude,  bearbeitet die Antr\u00e4ge und kl\u00e4rt offene Fragen.<\/p>\n\n\n\n<p><strong><strong>Kontakt \/Infos<\/strong><\/strong><br><a href=\"http:\/\/bafoeg.uni-trier.de\">bafoeg.uni-trier.de<\/a><br>V-Geb\u00e4ude \/ Erdgeschoss<\/p>\n<\/div>\n\n\n\n<div class=\"wp-block-column is-layout-flow wp-block-column-is-layout-flow\">\n<h4 class=\"wp-block-heading\">stipendienberatung<\/h4>\n\n\n\n<p>Das hartn\u00e4ckige (jedoch falsche!) Vorurteil,&nbsp;dass&nbsp;ausschlie\u00dflich&nbsp;besonders leistungsstarke Sch\u00fcler*innen und Studierende ein Stipendium bekommen,&nbsp;h\u00e4lt viele Studierenden davon ab, eine Bewerbung zu wagen. H\u00e4ufig k\u00e4men jedoch deutlich mehr Studierende f\u00fcr eine Bewerbung in Frage, als sie selber denken!<br>Neben den Begabtenf\u00f6rderungswerken existieren eine gro\u00dfe Menge weiterer Stipendien und Stipendiengeber, welche unterschiedlichste F\u00f6rderschwerpunkte haben. Du solltest also unbedingt auf die Suche gehen und&nbsp;dich&nbsp;beraten lassen, denn die investierte&nbsp;Zeit kann sich lohnen!<\/p>\n\n\n\n<p>Informationen zu regionalen und nationalen Stipendien&nbsp;sowie&nbsp;weiteren F\u00f6rderprogramme findest du&nbsp;auf der Webseite der Stipendienberatung der Uni Trier:&nbsp;<\/p>\n\n\n\n<p><strong><strong>Kontakt \/Infos<\/strong><\/strong><br><a href=\"javascript:linkTo_UnCryptMailto(%27nbjmup%2BtdijoemfsAvoj.usjfs%5C%2Fef%27);\">stipendien@uni-trier.de<\/a><br><a href=\"http:\/\/www.stipendien.uni-trier.de\/\" target=\"_blank\" rel=\"noreferrer noopener\">stipendien.uni-trier.de<\/a><br>Geb\u00e4ude DM, Raum DM 19<br>Tel.: 0651\/201-3831<\/p>\n<\/div>\n<\/div>\n\n\n\n<hr class=\"wp-block-separator has-alpha-channel-opacity\"\/>\n\n\n\n<h3 class=\"wp-block-heading\" id=\"weitere\">Weitere Beratungen<\/h3>\n\n\n\n<div class=\"wp-block-columns is-layout-flex wp-container-core-columns-is-layout-9d6595d7 wp-block-columns-is-layout-flex\">\n<div class=\"wp-block-column is-layout-flow wp-block-column-is-layout-flow\">\n<h4 class=\"wp-block-heading\">Studentische Rechtsberatung<\/h4>\n\n\n\n<p>Die Studentische Rechtsberatung Trier (SRT) e.v. bietet kostenlose Rechtsberatung auf dem Gebiet des Zivilrechts f\u00fcr jedermann an. Unser Beratungsangebot k\u00f6nnen insbesondere Personen in Anspruch nehmen, deren finanzielle oder soziale Situation keine anwaltliche Beratung zul\u00e4sst. Die Beratung wird von Studierenden der Rechtswissenschaften durchgef\u00fchrt, die von Volljuristinnen und -juristen unterst\u00fctzt werden. Wenn ihr Unterst\u00fctzung bei der Einreichung eines Falles bei uns ben\u00f6tigt, k\u00f6nnt ihr euch an das Sozialreferat des AStAs wenden. <\/p>\n\n\n\n<p><strong><strong>Kontakt \/Infos<\/strong><\/strong><br><a href=\"http:\/\/www.srtrier.de\">srtrier.de<\/a><br><a href=\"mailto:info@srtrier.de\">info@srtrier.de<\/a><\/p>\n<\/div>\n\n\n\n<div class=\"wp-block-column is-layout-flow wp-block-column-is-layout-flow\">\n<h4 class=\"wp-block-heading\">Rechtsberatung studiwerk<\/h4>\n\n\n\n<p>Das Studiwerk bietet ratsuchenden Studierenden eine Rechtsberatung an.<br>Die Beratung umfasst in der Regel folgende Bereiche:<\/p>\n\n\n\n<ul class=\"wp-block-list\">\n<li>Rechtsangelegenheiten des t\u00e4glichen Lebens<\/li>\n\n\n\n<li>Allgemeines Zivilrecht<\/li>\n\n\n\n<li>BAf\u00f6G-Angelegenheiten<\/li>\n\n\n\n<li>Arbeitsrecht<\/li>\n\n\n\n<li>Mietrecht<\/li>\n\n\n\n<li>Unterhaltsfragen<\/li>\n<\/ul>\n\n\n\n<p>Die Beratung ist f\u00fcr Studierende kostenlos.<br>Den Berechtigungsschein f\u00fcr die Rechtsberatung und weitere Informationen gibt es in unserem StudiwerkOffice.<\/p>\n\n\n\n<p><strong><strong>Kontakt \/Infos<\/strong><\/strong><br><a href=\"https:\/\/www.studiwerk.de\/cms\/rechtsberatung-1001.html\">Website<\/a><\/p>\n<\/div>\n<\/div>\n\n\n\n<div style=\"height:50px\" aria-hidden=\"true\" class=\"wp-block-spacer\"><\/div>\n\n\n\n<div class=\"wp-block-columns is-layout-flex wp-container-core-columns-is-layout-9d6595d7 wp-block-columns-is-layout-flex\">\n<div class=\"wp-block-column is-layout-flow wp-block-column-is-layout-flow\">\n<h4 class=\"wp-block-heading\">Psychotherapie Ambulanz<\/h4>\n\n\n\n<p>Das Angebot der Psychotherapie-Ambulanz der Uni richtet sich an Personen mit psychischen St\u00f6rungen, psychosomatischen Erkrankungen, psychischen Problemen bei k\u00f6rperlichen Krankheiten sowie an Personen mit Paar- und Familienproblemen und anderen Schwierigkeiten. Hier werden psychotherapeutische Behandlungen durchgef\u00fchrt.<\/p>\n\n\n\n<p><strong><strong>Kontakt \/Infos<\/strong><\/strong><br><a href=\"https:\/\/www.uni-trier.de\/universitaet\/fachbereiche-faecher\/fachbereich-i\/faecher-und-institute\/psychologie\/einrichtungen\/poliklinische-psychotherapieambulanz\">Zu den Angeboten<\/a><\/p>\n<\/div>\n\n\n\n<div class=\"wp-block-column is-layout-flow wp-block-column-is-layout-flow\">\n<h4 class=\"wp-block-heading\">Psychosoziale Beratung<\/h4>\n\n\n\n<p>Studierende, die mit belastenden Studiensituationen oder mit Schwierigkeiten im pers\u00f6nlichen Bereich konfrontiert sind und Hilfe suchen, k\u00f6nnen sich an die psychosoziale Beratungsstelle des Studiwerks wenden. Zu den angegebenen Sprechzeiten stehen Diplom-Psycholog*innen f\u00fcr Ausk\u00fcnfte oder zur konkreten Terminvereinbarung zur Verf\u00fcgung.<\/p>\n\n\n\n<p><strong><strong>Kontakt \/Infos<\/strong><\/strong><br><a href=\"https:\/\/www.studiwerk.de\/cms\/psychosoziale_beratung-1001.html\">Website<\/a><\/p>\n<\/div>\n<\/div>\n\n\n\n<div class=\"wp-block-columns is-layout-flex wp-container-core-columns-is-layout-9d6595d7 wp-block-columns-is-layout-flex\">\n<div class=\"wp-block-column is-layout-flow wp-block-column-is-layout-flow\">\n<h4 class=\"wp-block-heading\">campusohr<\/h4>\n\n\n\n<p>CampusOhr ist ein Zuh\u00f6r- und Gespr\u00e4chsangebot von Psychologiestudierenden f\u00fcr alle, die Sorgen haben oder einfach mal mit einer neutralen Person in einer vertraulichen Umgebung \u00fcber etwas reden m\u00f6chten. Eine Diagnose oder Psychotherapie ersetzt es jedoch nicht.<\/p>\n\n\n\n<p><strong><strong>Kontakt \/Infos<\/strong><\/strong><br><a href=\"https:\/\/www.uni-trier.de\/universitaet\/fachbereiche-faecher\/fachbereich-i\/faecher-und-institute\/psychologie\/studium\/psychologiestudium-in-trier\/fachschaft\/campusohr\">Website<\/a><br><a href=\"mailto:campusohr@gmail.com\">campusohr@gmail.com<\/a><\/p>\n<\/div>\n\n\n\n<div class=\"wp-block-column is-layout-flow wp-block-column-is-layout-flow\">\n<h4 class=\"wp-block-heading\">Senatsbeauftragte zum schutz vor Sexueller bel\u00e4stigung<\/h4>\n\n\n\n<p>Als Senatsbeauftragte zum Schutz vor sexueller Bel\u00e4stigung biete ich Beratung und Hilfe f\u00fcr Betroffene und Zeug*innen sexueller Bel\u00e4stigung, Diskriminierung oder Gewalt im Uni-Kontext. Ich habe ein offenes Ohr f\u00fcr alle Anliegen und Fragen. Ich erkl\u00e4re Betroffenen von sexualisierter Gewalt, welche rechtlichen M\u00f6glichkeiten sie haben und an welche Stellen sie sich in der Uni und au\u00dferhalb der Uni wenden k\u00f6nnen. Jedes Gespr\u00e4ch wird vertraulich behandelt, denn als Senatsbeauftragte unterliege ich der Schweigepflicht. Weitere Informationen sind auf der Homepage zu finden.<\/p>\n\n\n\n<p><strong><strong>Kontakt \/Infos<\/strong><\/strong><br><a href=\"https:\/\/www.uni-trier.de\/universitaet\/verwaltung\/zentrale-beauftragte\/schutz-vor-sexueller-belaestigung\">Website<\/a><br><a href=\"mailto:sbut@uni-trier.de\">sbut@uni-trier.de<\/a><\/p>\n<\/div>\n<\/div>\n\n\n\n<div class=\"wp-block-columns is-layout-flex wp-container-core-columns-is-layout-9d6595d7 wp-block-columns-is-layout-flex\">\n<div class=\"wp-block-column is-layout-flow wp-block-column-is-layout-flow\">\n<h4 class=\"wp-block-heading\">familienb\u00fcro<\/h4>\n\n\n\n<p>Das Familienb\u00fcro der Universit\u00e4t Trier bietet pers\u00f6nliche und individuelle Beratung f\u00fcr alle Angeh\u00f6rigen der Universit\u00e4t Trier zum Thema Vereinbarkeit von Studium, wissenschaftlicher Qualifizierung oder\/und Beruf mit Familie.<\/p>\n\n\n\n<p><strong><strong>Kontakt \/Infos<\/strong><\/strong><br><a href=\"mailto:familie@uni-trier.de\">familie@uni-trier.de<\/a><br><a href=\"http:\/\/familie.uni-trier.de\">familie.uni-trier.de<\/a><\/p>\n<\/div>\n\n\n\n<div class=\"wp-block-column is-layout-flow wp-block-column-is-layout-flow\">\n<h4 class=\"wp-block-heading\">Gr\u00fcndungsb\u00fcro<\/h4>\n\n\n\n<p>Das Gr\u00fcndungsb\u00fcro Trier ist eine gemeinsame Einrichtung der Universit\u00e4t Trier und der Hochschule Trier. Wir sind f\u00fcr euch da, wenn ihr euch mit einer Selbstst\u00e4ndigkeit als Karriereoption besch\u00e4ftigt. Vielleicht habt ihr w\u00e4hrend eures Studiums eine Idee entwickelt oder in Forschungsarbeiten Probleme entdeckt, f\u00fcr die ihr L\u00f6sungen entwickelt habt? Egal, ob eure Idee noch ganz am Anfang steht oder schon weit ausgearbeitet ist \u2013 &nbsp;wir helfen euch gerne in Form von Gespr\u00e4chen, einem breiten Informationsangebot, Vortr\u00e4gen und Workshops.<\/p>\n\n\n\n<p>Unser Angebot richtet sich an alle&nbsp;Studierenden, Wissenschaftlerinnen und Wissenschaftler sowie Alumni und ist kostenlos.<\/p>\n\n\n\n<p><strong><strong>Kontakt \/Infos<\/strong><\/strong><br><a href=\"https:\/\/gruenden-trier.de\/\">gruenden-trier.de<\/a><br><a href=\"mailto:info@gruenden-trier.de\" target=\"_blank\" rel=\"noreferrer noopener\">info@gruenden-trier.de<\/a><\/p>\n<\/div>\n<\/div>\n\n\n\n<hr class=\"wp-block-separator has-alpha-channel-opacity\"\/>\n\n\n\n<h3 class=\"wp-block-heading\" id=\"internationales\">Internationales<\/h3>\n\n\n\n<div class=\"wp-block-columns is-layout-flex wp-container-core-columns-is-layout-9d6595d7 wp-block-columns-is-layout-flex\">\n<div class=\"wp-block-column is-layout-flow wp-block-column-is-layout-flow\">\n<h4 class=\"wp-block-heading\">Internationales Zentrum<\/h4>\n\n\n\n<p>Wir sind ein ehrenamtlicher Verein an der Uni Trier, der internationale und deutsche Studierende zusammenbringt. So helfen wir bei der Integration im Universit\u00e4tsalltag. Unter dem Motto &#8220;Von Studis f\u00fcr Studis&#8221; f\u00fchren wir ehrenamtlich viele Projekte durch, an denen Ihr teilnehmen und mitwirken k\u00f6nnt.<br>Dazu geh\u00f6ren das internationale Caf\u00e9, Sprachkurse, der Sprachabend, Tandemprogramme mit Internationals sowie Exkursionen.<\/p>\n\n\n\n<p><strong><strong>Kontakt \/Infos<\/strong><\/strong><br><a href=\"http:\/\/iz.uni-trier.de\">iz.uni-trier.de<\/a><br><a href=\"mailto:info@iz-trier.de\">info@iz-trier.de<\/a><\/p>\n<\/div>\n\n\n\n<div class=\"wp-block-column is-layout-flow wp-block-column-is-layout-flow\">\n<h4 class=\"wp-block-heading\">international Office<\/h4>\n\n\n\n<p>Das International Office f\u00f6rdert und pflegt die internationalen Kontakte der Universit\u00e4t Trier. Es ist zentrale Anlaufstelle f\u00fcr ausl\u00e4ndische Studierende und Wissenschaftler*innen, die an der Universit\u00e4t Trier studieren, forschen und lehren (m\u00f6chten) sowie f\u00fcr Trierer Studierende und Wissenschaftler*innen, die einen Auslandsaufenthalt planen und durchf\u00fchren m\u00f6chten.<\/p>\n\n\n\n<p><strong><strong>Kontakt \/Infos<\/strong><\/strong><br><a href=\"http:\/\/www.international.uni-trier.de\">international.uni-trier.de<\/a><br><a href=\"mailto:international@uni-trier.de\">international@uni-trier.de<\/a><\/p>\n<\/div>\n<\/div>\n","protected":false},"excerpt":{"rendered":"<p>Beratung &amp; Services Die Beratungen und Services auf dem Campus k\u00f6nnen verwirrend und versteckt sein. Wir geben euch einen \u00dcberblick! Allgemeine Anlaufstellen | Finanzen | Weitere Beratungen | Internationales Allgemeine Anlaufstellen Studiwerk Im Studiwerk Office SO! in der Mensa bekommst du Informationen zu allen Serviceangeboten des Studiwerks. Das SO! ist die erste Anlaufstelle f\u00fcr die&hellip;&nbsp;<a href=\"https:\/\/www.asta-trier.de\/gb\/beratung-services\/\" rel=\"bookmark\">Read More &raquo;<span class=\"screen-reader-text\">Beratung &#038; Services<\/span><\/a><\/p>\n","protected":false},"author":4,"featured_media":0,"parent":0,"menu_order":0,"comment_status":"closed","ping_status":"closed","template":"","meta":{"neve_meta_sidebar":"full-width","neve_meta_container":"contained","neve_meta_enable_content_width":"on","neve_meta_content_width":100,"neve_meta_title_alignment":"","neve_meta_author_avatar":"","neve_post_elements_order":"","neve_meta_disable_header":"","neve_meta_disable_footer":"","neve_meta_disable_title":"on","footnotes":""},"class_list":["post-13339","page","type-page","status-publish","hentry"],"translation":{"provider":"WPGlobus","version":"3.0.2","language":"gb","enabled_languages":["de","gb"],"languages":{"de":{"title":true,"content":true,"excerpt":false},"gb":{"title":false,"content":false,"excerpt":false}}},"_links":{"self":[{"href":"https:\/\/www.asta-trier.de\/gb\/wp-json\/wp\/v2\/pages\/13339","targetHints":{"allow":["GET"]}}],"collection":[{"href":"https:\/\/www.asta-trier.de\/gb\/wp-json\/wp\/v2\/pages"}],"about":[{"href":"https:\/\/www.asta-trier.de\/gb\/wp-json\/wp\/v2\/types\/page"}],"author":[{"embeddable":true,"href":"https:\/\/www.asta-trier.de\/gb\/wp-json\/wp\/v2\/users\/4"}],"replies":[{"embeddable":true,"href":"https:\/\/www.asta-trier.de\/gb\/wp-json\/wp\/v2\/comments?post=13339"}],"version-history":[{"count":40,"href":"https:\/\/www.asta-trier.de\/gb\/wp-json\/wp\/v2\/pages\/13339\/revisions"}],"predecessor-version":[{"id":16904,"href":"https:\/\/www.asta-trier.de\/gb\/wp-json\/wp\/v2\/pages\/13339\/revisions\/16904"}],"wp:attachment":[{"href":"https:\/\/www.asta-trier.de\/gb\/wp-json\/wp\/v2\/media?parent=13339"}],"curies":[{"name":"wp","href":"https:\/\/api.w.org\/{rel}","templated":true}]}}