{"id":13324,"date":"2022-10-05T18:43:29","date_gmt":"2022-10-05T18:43:29","guid":{"rendered":"https:\/\/www.asta-trier.de\/?page_id=13324"},"modified":"2024-12-18T14:08:33","modified_gmt":"2024-12-18T14:08:33","slug":"studierendenvertretung","status":"publish","type":"page","link":"https:\/\/www.asta-trier.de\/gb\/studierendenvertretung\/","title":{"rendered":"Student Representation"},"content":{"rendered":"\n<div class=\"wp-block-columns is-layout-flex wp-container-core-columns-is-layout-9d6595d7 wp-block-columns-is-layout-flex\">\n<div class=\"wp-block-column is-layout-flow wp-block-column-is-layout-flow\" style=\"flex-basis:33.33%\">\n<figure class=\"wp-block-image size-large is-resized\"><img loading=\"lazy\" decoding=\"async\" width=\"987\" height=\"1024\" src=\"https:\/\/www.asta-trier.de\/wp-content\/uploads\/2023\/11\/Element-1@300x-2-1481x1536-2-987x1024.png\" alt=\"\" class=\"wp-image-15491\" style=\"width:319px;height:auto\" srcset=\"https:\/\/www.asta-trier.de\/wp-content\/uploads\/2023\/11\/Element-1@300x-2-1481x1536-2-987x1024.png 987w, https:\/\/www.asta-trier.de\/wp-content\/uploads\/2023\/11\/Element-1@300x-2-1481x1536-2-289x300.png 289w, https:\/\/www.asta-trier.de\/wp-content\/uploads\/2023\/11\/Element-1@300x-2-1481x1536-2-768x797.png 768w, https:\/\/www.asta-trier.de\/wp-content\/uploads\/2023\/11\/Element-1@300x-2-1481x1536-2.png 1481w\" sizes=\"auto, (max-width: 987px) 100vw, 987px\" \/><\/figure>\n<\/div>\n\n\n\n<div class=\"wp-block-column is-layout-flow wp-block-column-is-layout-flow\" style=\"flex-basis:66.66%\">\n<h1 class=\"wp-block-heading\"><br><br>Student Representation<\/h1>\n\n\n\n<p>What does \u201cwritten student body\u201d mean? What exactly is a student union and what is the StuPa? Which AStA departments are there, how can I participate and what offers does the AStA have? And what does all this have to do with each other and with my semester fee?<\/p>\n\n\n\n<p class=\"has-neve-link-color-color has-text-color has-link-color wp-elements-3cb9d0c0f37da76f4ad1e0c3852f8f87\">Written student body | AStA | StuPa | Student unions | Bodies of the University<\/p>\n<\/div>\n<\/div>\n\n\n\n<hr class=\"wp-block-separator has-alpha-channel-opacity\"\/>\n\n\n\n<h2 class=\"wp-block-heading\">The Written Student Body<\/h2>\n\n\n\n<p>Here is a rough overview of the different bodies of the student body.<\/p>\n\n\n\n<figure class=\"wp-block-image size-large is-resized\"><img loading=\"lazy\" decoding=\"async\" width=\"1024\" height=\"239\" src=\"https:\/\/www.asta-trier.de\/wp-content\/uploads\/2023\/11\/Element-5@300x-1536x358-2-1024x239.png\" alt=\"\" class=\"wp-image-15497\" style=\"width:539px;height:auto\" srcset=\"https:\/\/www.asta-trier.de\/wp-content\/uploads\/2023\/11\/Element-5@300x-1536x358-2-1024x239.png 1024w, https:\/\/www.asta-trier.de\/wp-content\/uploads\/2023\/11\/Element-5@300x-1536x358-2-300x70.png 300w, https:\/\/www.asta-trier.de\/wp-content\/uploads\/2023\/11\/Element-5@300x-1536x358-2-768x179.png 768w, https:\/\/www.asta-trier.de\/wp-content\/uploads\/2023\/11\/Element-5@300x-1536x358-2.png 1536w\" sizes=\"auto, (max-width: 1024px) 100vw, 1024px\" \/><\/figure>\n\n\n\n<div class=\"wp-block-columns is-layout-flex wp-container-core-columns-is-layout-9d6595d7 wp-block-columns-is-layout-flex\">\n<div class=\"wp-block-column is-vertically-aligned-center is-layout-flow wp-block-column-is-layout-flow\">\n<p>The <strong>statutory student body<\/strong> with its duties and rights is set out in the form of a public law body in the Landeshochschulgesetz. This gives students the right to administer themselves and to collect <strong>contributions<\/strong> from their members (\u201c<em>Student Self-administration<\/em>\u201d). So you are automatically members of the student body, which currently receives 16 \u20ac of your semester fee. The money is administered by AStA. The allocation of funds is decided by the Student Parliament on the budget.<\/p>\n<\/div>\n\n\n\n<div class=\"wp-block-column is-vertically-aligned-top is-layout-flow wp-block-column-is-layout-flow\"><\/div>\n<\/div>\n\n\n\n<hr class=\"wp-block-separator has-alpha-channel-opacity\"\/>\n\n\n\n<h2 class=\"wp-block-heading\">AStA<\/h2>\n\n\n\n<div class=\"wp-block-columns is-layout-flex wp-container-core-columns-is-layout-9d6595d7 wp-block-columns-is-layout-flex\">\n<div class=\"wp-block-column is-layout-flow wp-block-column-is-layout-flow\">\n<p>The AStA (<strong><em>General Student Committee<\/em><\/strong>) is the \u201cexecutive\u201d of the <em>student body<\/em> and is your elected student body. It is divided into twelve working areas (units) as well as other working groups. The AStA organises offers for the student body and represents them vis-\u00e0-vis the university and society. The work at AStA is voluntary.<\/p>\n\n\n\n<p>The <strong>lectures<\/strong> of the AStA are led by main lecturers, who are supported and represented by co-lectors. Eight main lecturers are elected annually by the \u201clegislative\u201d, the student parliament. The four main speakers of the autonomous units are elected directly by their respective target group at a general meeting. The AStA has also set up <strong>working groups<\/strong>, such as Campusradio, CineAStA and AK Sport.<\/p>\n<\/div>\n\n\n\n<div class=\"wp-block-column is-layout-flow wp-block-column-is-layout-flow\">\n<figure class=\"wp-block-image size-large\"><img loading=\"lazy\" decoding=\"async\" width=\"1024\" height=\"761\" src=\"https:\/\/www.asta-trier.de\/wp-content\/uploads\/2023\/11\/AStALogo-1536x1142-2-1024x761.png\" alt=\"\" class=\"wp-image-15519\" srcset=\"https:\/\/www.asta-trier.de\/wp-content\/uploads\/2023\/11\/AStALogo-1536x1142-2-1024x761.png 1024w, https:\/\/www.asta-trier.de\/wp-content\/uploads\/2023\/11\/AStALogo-1536x1142-2-300x223.png 300w, https:\/\/www.asta-trier.de\/wp-content\/uploads\/2023\/11\/AStALogo-1536x1142-2-768x571.png 768w, https:\/\/www.asta-trier.de\/wp-content\/uploads\/2023\/11\/AStALogo-1536x1142-2.png 1536w\" sizes=\"auto, (max-width: 1024px) 100vw, 1024px\" \/><\/figure>\n<\/div>\n<\/div>\n\n\n\n<div class=\"wp-block-buttons is-layout-flex wp-block-buttons-is-layout-flex\">\n<div class=\"wp-block-button is-style-primary\"><a class=\"wp-block-button__link wp-element-button\" href=\"https:\/\/www.asta-trier.de\/mitmachen\/\">Join us!<\/a><\/div>\n\n\n\n<div class=\"wp-block-button is-style-secondary\"><a class=\"wp-block-button__link wp-element-button\" href=\"https:\/\/www.asta-trier.de\/infos-tipps\/#Angebote\">Offers from AStA<\/a><\/div>\n\n\n\n<div class=\"wp-block-button is-style-secondary\"><a class=\"wp-block-button__link wp-element-button\" href=\"https:\/\/www.asta-trier.de\/was-ist-der-asta\/\">More information about AStA<\/a><\/div>\n\n\n\n<div class=\"wp-block-button is-style-secondary\"><a class=\"wp-block-button__link wp-element-button\" href=\"https:\/\/www.asta-trier.de\/der-asta\/\">AStA Lectures &amp; Working Groups<\/a><\/div>\n<\/div>\n\n\n\n<hr class=\"wp-block-separator has-alpha-channel-opacity\"\/>\n\n\n\n<h2 class=\"wp-block-heading\">StuPa<\/h2>\n\n\n\n<div class=\"wp-block-columns is-layout-flex wp-container-core-columns-is-layout-9d6595d7 wp-block-columns-is-layout-flex\">\n<div class=\"wp-block-column is-layout-flow wp-block-column-is-layout-flow\">\n<p>The <strong>Student Parliament (StuPa)<\/strong> has 25 seats and is directly elected annually by all students. Traditionally, the political lists on campus compete here. The StuPa elects the majority of the AStAs and decides on the budget and all financial expenses of the student body over 1000\u20ac. Decisions of the StuPa are binding on the bodies of the student body (e.g. AStA and Student Councils), because the StuPa is the highest body of the student body as a \u201clegislative body\u201d.<br>As a rule, after the election in the StuPa there is an \u201cAStA Coalition\u201d which agrees on the staff, important projects and content orientation of the AStA. The StuPa elects a board of trustees, appoints <strong>committees<\/strong>, e.g. the Election Committee, and elects the two student representatives to the board of trustees of the Studierendenwerk.<\/p>\n\n\n\n<div class=\"wp-block-buttons is-layout-flex wp-block-buttons-is-layout-flex\">\n<div class=\"wp-block-button is-style-secondary\"><a class=\"wp-block-button__link wp-element-button\" href=\"https:\/\/www.uni-trier.de\/universitaet\/wichtige-anlaufstellen\/studierendenvertretung\/stupa\/studierendenparlament-der-universitaet-trier\">More information about the StuPa<\/a><\/div>\n<\/div>\n<\/div>\n\n\n\n<div class=\"wp-block-column is-layout-flow wp-block-column-is-layout-flow\">\n<figure class=\"wp-block-image size-large\"><img loading=\"lazy\" decoding=\"async\" width=\"1024\" height=\"717\" src=\"https:\/\/www.asta-trier.de\/wp-content\/uploads\/2023\/11\/StuPaLogo-1536x1076-1-1024x717.png\" alt=\"\" class=\"wp-image-15525\" srcset=\"https:\/\/www.asta-trier.de\/wp-content\/uploads\/2023\/11\/StuPaLogo-1536x1076-1-1024x717.png 1024w, https:\/\/www.asta-trier.de\/wp-content\/uploads\/2023\/11\/StuPaLogo-1536x1076-1-300x210.png 300w, https:\/\/www.asta-trier.de\/wp-content\/uploads\/2023\/11\/StuPaLogo-1536x1076-1-768x538.png 768w, https:\/\/www.asta-trier.de\/wp-content\/uploads\/2023\/11\/StuPaLogo-1536x1076-1.png 1536w\" sizes=\"auto, (max-width: 1024px) 100vw, 1024px\" \/><\/figure>\n<\/div>\n<\/div>\n\n\n\n<div class=\"wp-block-columns is-layout-flex wp-container-core-columns-is-layout-9d6595d7 wp-block-columns-is-layout-flex\">\n<div class=\"wp-block-column is-layout-flow wp-block-column-is-layout-flow\">\n<h2 class=\"wp-block-heading has-medium-font-size\" style=\"font-style:normal;font-weight:200\">CALL<\/h2>\n\n\n\n<p>Why vote? With your election you decide on the composition of the Student Parliament and thus on how the AStA is appointed and what the AStA and student councils can spend their money on. Money, which you pay over the share of 16\u20ac of your semester fee to the student body. Who do you think is committed enough and able to manage your money and spend it wisely? Who do you think is suitable to represent to the university, the city, the press and the state government, e.g. at legislative hearings in the state parliament? Who organises the best parties or the most interesting and critical lectures? Who creates the most useful offers for Studis? All of this you indirectly participate in deciding on your election to the StuPa (and Senate). Of course, you can also get involved beyond that by running for office or participating in discussions.<br>The Constituted Student Council is a unique legal entity that gives you the opportunity to self-organise and administer yourself. Take advantage of this opportunity.<br>And: The higher the voter turnout, the stronger the voice of the students.<\/p>\n\n\n\n<p><strong>Therefore: from 6 to 8 December go to vote!<\/strong><\/p>\n<\/div>\n\n\n\n<div class=\"wp-block-column is-layout-flow wp-block-column-is-layout-flow\">\n<h2 class=\"wp-block-heading has-medium-font-size\" style=\"font-style:normal;font-weight:200\">ELECTORAL PROCEDURE<\/h2>\n\n\n\n<p>Jedes Jahr k\u00f6nnen alle Studierenden das Studierendenparlament w\u00e4hlen oder f\u00fcr dieses kandidieren. Die Wahlen werden vom Wahlausschuss des StuPa organisiert. \u00dcblicherweise finden diese in der ersten Dezemberwoche statt. Das Studierendenparlament hat 25 Sitze. \u00dcber die Aufteilung der Sitze zwischen den antretenden Listen entscheidet ihr mit eurer Stimme bei der Zentralwahl auf der Zentralliste, bei der alle Studis antreten k\u00f6nnen. Zudem habt ihr \u00fcber die fachbereichsbezogene Wahl auf der Fachbereichsliste die M\u00f6glichkeit, Personen eures Fachbereiches ein Direktmandat zu geben. Kandidierende einer Liste mit Direktmandat ziehen ins StuPa ein, auch wenn sie nicht \u00fcber die Zentralliste gew\u00e4hlt wurden. Die Anzahl der Sitze, die eine Liste \u00fcber die Zentralwahl gewonnen hat, \u00e4ndert sich hierdurch jedoch nicht (es sei denn, es kommt zu \u00dcberhangmandaten).<\/p>\n\n\n\n<p>Ihr werdet feststellen, dass ihr bei den Wahlen noch weitere Wahlzettel in die Hand gedr\u00fcckt bekommt. Dies liegt daran, dass i. d. R. parallel zu den Wahlen der Studierendenschaft auch die Wahlen der Universit\u00e4t stattfinden. Diese sind vollkommen unabh\u00e4ngig voneinander, werden aber aus organisatorischen Gr\u00fcnden zusammen durchgef\u00fchrt und sind ebenso wichtig. Hier k\u00f6nnt ihr die studentischen Vertreter*innen im Senat und den Fachbereichsr\u00e4ten (FBR\u00b4s) der Uni w\u00e4hlen.<\/p>\n\n\n\n<p>Noch nicht genug gew\u00e4hlt? Verteilt im Jahr k\u00f6nnt ihr ebenso eure Fachschaftsr\u00e4te (FSR`s), die Vertretungen der Studis eines Faches w\u00e4hlen.<\/p>\n\n\n\n<div class=\"wp-block-buttons is-layout-flex wp-block-buttons-is-layout-flex\">\n<div class=\"wp-block-button is-style-secondary\"><a class=\"wp-block-button__link wp-element-button\" href=\"https:\/\/www.asta-trier.de\/campusleben\/#politischelisten\">To the political lists<\/a><\/div>\n<\/div>\n<\/div>\n<\/div>\n\n\n\n<hr class=\"wp-block-separator has-alpha-channel-opacity\"\/>\n\n\n\n<h2 class=\"wp-block-heading\">Student unions<\/h2>\n\n\n\n<div class=\"wp-block-columns is-layout-flex wp-container-core-columns-is-layout-9d6595d7 wp-block-columns-is-layout-flex\">\n<div class=\"wp-block-column is-layout-flow wp-block-column-is-layout-flow\">\n<p><strong>Students of a subject<\/strong> are called student union, whose bodies perform their duties independently of AStA\/StuPa etc. The Student Councils (FSR) represent them and are elected by the Student Council. The FSRs together form the Autonome FachschaftenTreffen (AFaT), in which they interact with other FSRs and the AStA. They can also apply for funds previously allocated by the StuPa to the AFaT. The student councils are independent of StuPa and AStA in terms of content and politics in the use of the funds.<\/p>\n\n\n\n<div class=\"wp-block-buttons is-layout-flex wp-block-buttons-is-layout-flex\">\n<div class=\"wp-block-button is-style-secondary\"><a class=\"wp-block-button__link wp-element-button\" href=\"https:\/\/www.asta-trier.de\/campusleben\/#fachschaften\" target=\"_blank\" rel=\"noreferrer noopener\">More information about the student councils<\/a><\/div>\n<\/div>\n<\/div>\n\n\n\n<div class=\"wp-block-column is-layout-flow wp-block-column-is-layout-flow\">\n<figure class=\"wp-block-image size-large\"><img loading=\"lazy\" decoding=\"async\" width=\"1024\" height=\"762\" src=\"https:\/\/www.asta-trier.de\/wp-content\/uploads\/2023\/11\/AFaTLogo-1536x1143-1-1024x762.png\" alt=\"\" class=\"wp-image-15528\" srcset=\"https:\/\/www.asta-trier.de\/wp-content\/uploads\/2023\/11\/AFaTLogo-1536x1143-1-1024x762.png 1024w, https:\/\/www.asta-trier.de\/wp-content\/uploads\/2023\/11\/AFaTLogo-1536x1143-1-300x223.png 300w, https:\/\/www.asta-trier.de\/wp-content\/uploads\/2023\/11\/AFaTLogo-1536x1143-1-768x572.png 768w, https:\/\/www.asta-trier.de\/wp-content\/uploads\/2023\/11\/AFaTLogo-1536x1143-1.png 1536w\" sizes=\"auto, (max-width: 1024px) 100vw, 1024px\" \/><\/figure>\n<\/div>\n<\/div>\n\n\n\n<hr class=\"wp-block-separator has-alpha-channel-opacity\"\/>\n\n\n\n<h2 class=\"wp-block-heading\">Bodies of the University<\/h2>\n\n\n\n<figure class=\"wp-block-image size-large\"><img loading=\"lazy\" decoding=\"async\" width=\"1024\" height=\"227\" src=\"https:\/\/www.asta-trier.de\/wp-content\/uploads\/2023\/11\/Element-1@300x-1536x340-1-1024x227.png\" alt=\"\" class=\"wp-image-15530\" srcset=\"https:\/\/www.asta-trier.de\/wp-content\/uploads\/2023\/11\/Element-1@300x-1536x340-1-1024x227.png 1024w, https:\/\/www.asta-trier.de\/wp-content\/uploads\/2023\/11\/Element-1@300x-1536x340-1-300x66.png 300w, https:\/\/www.asta-trier.de\/wp-content\/uploads\/2023\/11\/Element-1@300x-1536x340-1-768x170.png 768w, https:\/\/www.asta-trier.de\/wp-content\/uploads\/2023\/11\/Element-1@300x-1536x340-1.png 1536w\" sizes=\"auto, (max-width: 1024px) 100vw, 1024px\" \/><\/figure>\n\n\n\n<div class=\"wp-block-columns is-layout-flex wp-container-core-columns-is-layout-9d6595d7 wp-block-columns-is-layout-flex\">\n<div class=\"wp-block-column is-layout-flow wp-block-column-is-layout-flow\">\n<h2 class=\"wp-block-heading has-medium-font-size\" style=\"font-style:normal;font-weight:200\">UNIVERSITY LEVEL <\/h2>\n\n\n\n<p>The <strong>Senate<\/strong> is the highest decision-making body of the University and is responsible for all fundamental matters of the University: election of (vice) presidents, organisation of study programmes (decision of the examination regulations of your subjects) and admission restrictions, academic institutions (e.g. the library) and more. It consists of the President (as chair), deans and vice-deans, <strong>4 students<\/strong>, academic and non-academic staff and advisory members. The members are elected in the university elections by the respective status group they represent.<\/p>\n\n\n\n<p>The <strong>University Council<\/strong> advises the University on fundamental matters, has to approve the constitution and changes of academic institutions, makes a proposal for the election of the President and more. It consists of five members of the University (elected by the Senate), including <strong>one student<\/strong>, and five members from the fields of business, science and public life.<\/p>\n<\/div>\n\n\n\n<div class=\"wp-block-column is-layout-flow wp-block-column-is-layout-flow\">\n<h2 class=\"wp-block-heading has-medium-font-size\" style=\"font-style:normal;font-weight:200\">UNIVERSITY MANAGEMENT<\/h2>\n\n\n\n<p>The President of the University of Trier, Prof. Dr. Eva Martha Eckkrammer, directs and promotes the University of Trier and represents it in society. He\/she may attend all meetings of university committees and request information from them.<\/p>\n\n\n\n<p>The two <strong>Vice-Presidents<\/strong> support the President in their respective areas. The <strong>Chancellor<\/strong> of the University, Dr. Ulrike Gra\u00dfnick, is responsible for the budget as well as legal and administrative matters.<\/p>\n<\/div>\n<\/div>\n\n\n\n<div class=\"wp-block-columns is-layout-flex wp-container-core-columns-is-layout-9d6595d7 wp-block-columns-is-layout-flex\">\n<div class=\"wp-block-column is-layout-flow wp-block-column-is-layout-flow\">\n<h2 class=\"wp-block-heading has-medium-font-size\" style=\"font-style:normal;font-weight:200\">Departmental level<\/h2>\n\n\n\n<p>The <strong>Faculty Council (FBR)<\/strong> advises and decides on fundamental matters of the Faculty, in addition to allocating funds to the faculties and is responsible for study and examination regulations. It consists of deans (as chair) and vice-deans, professors, academic and non-academic staff, <strong>students<\/strong> and one or more gender equality officers.<\/p>\n\n\n\n<p>The <strong>Dean<\/strong>, who is elected by the Faculty Council, implements the resolutions, manages the affairs of the Faculty and ensures the provision of courses and their organisation. He or she is represented by one or more <strong>vice-deans<\/strong>.<\/p>\n\n\n\n<p>The Appointment Commission takes care of the renewal of the professorships. This is where professors, <strong>students<\/strong> and academic staff sit. The <strong>examination boards<\/strong> decide, among other things, on hardship applications of students. They consist of professors and deans, staff and <strong>students<\/strong>.<\/p>\n<\/div>\n\n\n\n<div class=\"wp-block-column is-layout-flow wp-block-column-is-layout-flow\">\n<p><\/p>\n\n\n\n<h2 class=\"wp-block-heading has-medium-font-size\" style=\"font-style:normal;font-weight:200\">Technical level<\/h2>\n\n\n\n<p>The <strong>management<\/strong> manages the department and represents it vis-\u00e0-vis the Dean&#8217;s Office. A <strong>chair<\/strong> consists of one or one <strong>chair holder<\/strong> (one or one professor) and (usually several) non-scientific and <strong>academic staff<\/strong>, which may also include students (then called student or academic assistants). These support the professor in his or her work. The <strong>Academic Advisory Service<\/strong> is the first point of contact for students with problems and questions related to their subject.<\/p>\n<\/div>\n<\/div>\n","protected":false},"excerpt":{"rendered":"<p>Student Representation What does \u201cwritten student body\u201d mean? What exactly is a student union and what is the StuPa? Which AStA departments are there, how can I participate and what offers does the AStA have? And what does all this have to do with each other and with my semester fee? Written student body |&hellip;&nbsp;<a href=\"https:\/\/www.asta-trier.de\/gb\/studierendenvertretung\/\" rel=\"bookmark\">Read More &raquo;<span class=\"screen-reader-text\">Student Representation<\/span><\/a><\/p>\n","protected":false},"author":4,"featured_media":0,"parent":0,"menu_order":0,"comment_status":"closed","ping_status":"closed","template":"","meta":{"neve_meta_sidebar":"full-width","neve_meta_container":"contained","neve_meta_enable_content_width":"on","neve_meta_content_width":100,"neve_meta_title_alignment":"","neve_meta_author_avatar":"","neve_post_elements_order":"","neve_meta_disable_header":"","neve_meta_disable_footer":"","neve_meta_disable_title":"on","footnotes":""},"class_list":["post-13324","page","type-page","status-publish","hentry"],"translation":{"provider":"WPGlobus","version":"3.0.2","language":"gb","enabled_languages":["de","gb"],"languages":{"de":{"title":true,"content":true,"excerpt":false},"gb":{"title":true,"content":true,"excerpt":false}}},"_links":{"self":[{"href":"https:\/\/www.asta-trier.de\/gb\/wp-json\/wp\/v2\/pages\/13324","targetHints":{"allow":["GET"]}}],"collection":[{"href":"https:\/\/www.asta-trier.de\/gb\/wp-json\/wp\/v2\/pages"}],"about":[{"href":"https:\/\/www.asta-trier.de\/gb\/wp-json\/wp\/v2\/types\/page"}],"author":[{"embeddable":true,"href":"https:\/\/www.asta-trier.de\/gb\/wp-json\/wp\/v2\/users\/4"}],"replies":[{"embeddable":true,"href":"https:\/\/www.asta-trier.de\/gb\/wp-json\/wp\/v2\/comments?post=13324"}],"version-history":[{"count":105,"href":"https:\/\/www.asta-trier.de\/gb\/wp-json\/wp\/v2\/pages\/13324\/revisions"}],"predecessor-version":[{"id":16821,"href":"https:\/\/www.asta-trier.de\/gb\/wp-json\/wp\/v2\/pages\/13324\/revisions\/16821"}],"wp:attachment":[{"href":"https:\/\/www.asta-trier.de\/gb\/wp-json\/wp\/v2\/media?parent=13324"}],"curies":[{"name":"wp","href":"https:\/\/api.w.org\/{rel}","templated":true}]}}