{"id":12993,"date":"2022-06-27T13:11:53","date_gmt":"2022-06-27T13:11:53","guid":{"rendered":"https:\/\/www.asta-trier.de\/?page_id=12993"},"modified":"2022-07-06T11:27:13","modified_gmt":"2022-07-06T11:27:13","slug":"beitrag","status":"publish","type":"page","link":"https:\/\/www.asta-trier.de\/gb\/beitrag\/","title":{"rendered":"Studierendenschaftsbeitrag"},"content":{"rendered":"\n<p>Studierendenschaftsbeitrag \u2013 was ist das?<\/p>\n\n\n\n<p>Die Einnahmen aus dem studentischen Anteil des Semesterbeitrags kommen den Studierenden der Universit\u00e4t Trier durch eine Vielzahl diverser Angebote zugute. Neben der politischen Vertretung aller Studierenden durch AStA und StuPa sowie der fachbezogenen Vertretung und Unterst\u00fctzung durch die Fachschaften bietet der AStA seit Jahren erg\u00e4nzend zum bestehenden st\u00e4dtischen und universit\u00e4ren Angebot, kulturelle und inhaltliche Veranstaltungen an. Damit leisten wir nicht nur einen wesentlichen Anteil zur kritischen wissenschaftlichen Auseinandersetzung, sondern f\u00f6rdern dar\u00fcber hinaus auch das kulturelle Angebot &#8211; sowohl an der Universit\u00e4t als auch gesamtgesellschaftlich in der Stadt. Dar\u00fcber hinaus bietet der AStA zahlreiche Service-Angebote f\u00fcr Studierende. Im Folgenden ein kurzer \u00dcberblick:<\/p>\n\n\n\n<p>Vertretung der Studierendenschaft:<\/p>\n\n\n\n<ul class=\"wp-block-list\"><li>Vertretung gegen\u00fcber Dozierenden, Universit\u00e4t und Politik<\/li><li>Fachbezogene Unterst\u00fctzung durch die Fachschaften<\/li><li>Vertretung von Statusgruppen<\/li><li>Beteiligung an der landes- und bundesweiten Vertretung der Studierenden \u00fcber z.B. LAK und fzs<\/li><li>Finanzielle und logistische Unterst\u00fctzung studentischer Sportgruppen durch den AK-Sport des AStA<\/li><\/ul>\n\n\n\n<p>Kulturelle Angebote und extracurriculare Veranstaltungen:<\/p>\n\n\n\n<ul class=\"wp-block-list\"><li>Kino-Angebot am Campus durch den Cineasta<\/li><li>Campus-Radio<\/li><li>Kunst- und Kulturveranstaltungen<\/li><li>Partys von Fachschaften und AStA<\/li><li>Kooperationen mit Kulturschaffenden und Kulturtr\u00e4gern in der Stadt<\/li><li>Wissenschaftliche Vortr\u00e4ge und Workshops<\/li><li>Lesekreise<\/li><li>Gedenkst\u00e4ttenfahrten (z.B. wissenschaftlich begleitete Fahrt zum ehem. KZ Auschwitz)<\/li><\/ul>\n\n\n\n<p>Beratungsangebote und soziale Leistungen:<\/p>\n\n\n\n<ul class=\"wp-block-list\"><li>BAf\u00f6G-Beratung<\/li><li>Beratungsangebote durch Referate (z.B. Soziales, Referat f\u00fcr Studierende mit Behinderung und chronischer Krankheit, Referat ausl\u00e4ndischer Studierender)<\/li><li>Sozialfonds f\u00fcr Studierende in kurzfristigen unverschuldeten finanziellen Notlagen<\/li><\/ul>\n\n\n\n<p>Weitere Serviceangebote:<\/p>\n\n\n\n<ul class=\"wp-block-list\"><li>Radhaus (Selbsthilfewerkstatt)<\/li><li>Umzugswagen<\/li><li>Caf\u00e9 Kunterbunt<\/li><li>B15-Serviceb\u00fcro<\/li><\/ul>\n","protected":false},"excerpt":{"rendered":"<p>Studierendenschaftsbeitrag \u2013 was ist das? Die Einnahmen aus dem studentischen Anteil des Semesterbeitrags kommen den Studierenden der Universit\u00e4t Trier durch eine Vielzahl diverser Angebote zugute. Neben der politischen Vertretung aller Studierenden durch AStA und StuPa sowie der fachbezogenen Vertretung und Unterst\u00fctzung durch die Fachschaften bietet der AStA seit Jahren erg\u00e4nzend zum bestehenden st\u00e4dtischen und universit\u00e4ren&hellip;&nbsp;<a href=\"https:\/\/www.asta-trier.de\/gb\/beitrag\/\" rel=\"bookmark\">Read More &raquo;<span class=\"screen-reader-text\">Studierendenschaftsbeitrag<\/span><\/a><\/p>\n","protected":false},"author":4,"featured_media":0,"parent":0,"menu_order":0,"comment_status":"closed","ping_status":"closed","template":"","meta":{"neve_meta_sidebar":"","neve_meta_container":"","neve_meta_enable_content_width":"","neve_meta_content_width":0,"neve_meta_title_alignment":"","neve_meta_author_avatar":"","neve_post_elements_order":"","neve_meta_disable_header":"","neve_meta_disable_footer":"","neve_meta_disable_title":"","footnotes":""},"class_list":["post-12993","page","type-page","status-publish","hentry"],"translation":{"provider":"WPGlobus","version":"3.0.2","language":"gb","enabled_languages":["de","gb"],"languages":{"de":{"title":true,"content":true,"excerpt":false},"gb":{"title":false,"content":false,"excerpt":false}}},"_links":{"self":[{"href":"https:\/\/www.asta-trier.de\/gb\/wp-json\/wp\/v2\/pages\/12993","targetHints":{"allow":["GET"]}}],"collection":[{"href":"https:\/\/www.asta-trier.de\/gb\/wp-json\/wp\/v2\/pages"}],"about":[{"href":"https:\/\/www.asta-trier.de\/gb\/wp-json\/wp\/v2\/types\/page"}],"author":[{"embeddable":true,"href":"https:\/\/www.asta-trier.de\/gb\/wp-json\/wp\/v2\/users\/4"}],"replies":[{"embeddable":true,"href":"https:\/\/www.asta-trier.de\/gb\/wp-json\/wp\/v2\/comments?post=12993"}],"version-history":[{"count":3,"href":"https:\/\/www.asta-trier.de\/gb\/wp-json\/wp\/v2\/pages\/12993\/revisions"}],"predecessor-version":[{"id":13079,"href":"https:\/\/www.asta-trier.de\/gb\/wp-json\/wp\/v2\/pages\/12993\/revisions\/13079"}],"wp:attachment":[{"href":"https:\/\/www.asta-trier.de\/gb\/wp-json\/wp\/v2\/media?parent=12993"}],"curies":[{"name":"wp","href":"https:\/\/api.w.org\/{rel}","templated":true}]}}