{"id":12237,"date":"2022-02-23T21:25:22","date_gmt":"2022-02-23T21:25:22","guid":{"rendered":"https:\/\/2022.asta-trier.de\/?page_id=12237"},"modified":"2023-12-13T09:29:25","modified_gmt":"2023-12-13T09:29:25","slug":"kanaele","status":"publish","type":"page","link":"https:\/\/www.asta-trier.de\/gb\/kanaele\/","title":{"rendered":"Kan\u00e4le"},"content":{"rendered":"\n<p>Der AStA bietet euch einige Kan\u00e4le, auf denen ihr aktuelle Infos rund um das Campusleben und AStA Services bekommt:<\/p>\n\n\n\n<h5 class=\"wp-block-heading has-medium-font-size\" style=\"font-style:normal;font-weight:300\">FACEBOOK GRUPPEN<\/h5>\n\n\n\n<p>Der AStA betreibt zwei Facebook Gruppen, \u00fcber die ihr viele aktuelle Informationen bekommt.<\/p>\n\n\n\n<ul class=\"wp-block-list\">\n<li><a href=\"https:\/\/www.facebook.com\/groups\/studistrier\/\">Studierende Universit\u00e4t Trier (Gesamt)<\/a> &#8211;  F\u00fcr alle Studis<\/li>\n\n\n\n<li><a href=\"https:\/\/www.facebook.com\/groups\/erstisunitrier21\/\">Erstis Uni Trier 2021\/22 (AStA)<\/a> &#8211;  F\u00fcr die aktuellen Erstsemester<\/li>\n<\/ul>\n\n\n\n<hr class=\"wp-block-separator has-css-opacity\"\/>\n\n\n\n<h5 class=\"wp-block-heading has-medium-font-size\" style=\"font-style:normal;font-weight:300\">NEWSFEEDS<\/h5>\n\n\n\n<p>Seid immer aktuell mit unseren Newsfeeds auf WhatsApp und Telegram. Mit den neuen offiziellen Newsfeed des AStA wollen wir euch \u00fcber aktuelle Veranstaltungen, Angebote und wichtige Infos auf dem Laufenden halten. Wichtig: Auf WhatsApp k\u00f6nnen alle Gruppenmitglieder gegenseitig ihre Handynummern sehen. Wer dies nicht m\u00f6chte kann auf unseren Telegram-Channel ausweichen.<\/p>\n\n\n\n<div class=\"wp-block-columns is-layout-flex wp-container-core-columns-is-layout-9d6595d7 wp-block-columns-is-layout-flex\">\n<div class=\"wp-block-column is-layout-flow wp-block-column-is-layout-flow\"><\/div>\n\n\n\n<div class=\"wp-block-column is-layout-flow wp-block-column-is-layout-flow\">\n<figure class=\"wp-block-image size-full\"><img loading=\"lazy\" decoding=\"async\" width=\"225\" height=\"225\" src=\"https:\/\/www.asta-trier.de\/wp-content\/uploads\/2023\/12\/25417B24-3598-4211-9C75-2E40AF691CA1-removebg-preview-1.png\" alt=\"\" class=\"wp-image-15763\" srcset=\"https:\/\/www.asta-trier.de\/wp-content\/uploads\/2023\/12\/25417B24-3598-4211-9C75-2E40AF691CA1-removebg-preview-1.png 225w, https:\/\/www.asta-trier.de\/wp-content\/uploads\/2023\/12\/25417B24-3598-4211-9C75-2E40AF691CA1-removebg-preview-1-150x150.png 150w\" sizes=\"auto, (max-width: 225px) 100vw, 225px\" \/><figcaption class=\"wp-element-caption\"><a href=\"https:\/\/chat.whatsapp.com\/Lbh88hjf45510UORH2GUtk\">https:\/\/chat.whatsapp.com\/Lbh88hjf45510UORH2GUtk<\/a><\/figcaption><\/figure>\n<\/div>\n\n\n\n<div class=\"wp-block-column is-layout-flow wp-block-column-is-layout-flow\"><div class=\"wp-block-image\">\n<figure class=\"aligncenter size-medium\"><a href=\"https:\/\/t.me\/StudisUniTrier\"><img loading=\"lazy\" decoding=\"async\" width=\"300\" height=\"300\" src=\"https:\/\/2022.asta-trier.de\/wp-content\/uploads\/2022\/02\/Newsfeed-Telegram_white-300x300.jpg\" alt=\"\" class=\"wp-image-389\" srcset=\"https:\/\/www.asta-trier.de\/wp-content\/uploads\/2022\/02\/Newsfeed-Telegram_white-300x300.jpg 300w, https:\/\/www.asta-trier.de\/wp-content\/uploads\/2022\/02\/Newsfeed-Telegram_white-150x150.jpg 150w, https:\/\/www.asta-trier.de\/wp-content\/uploads\/2022\/02\/Newsfeed-Telegram_white-12x12.jpg 12w, https:\/\/www.asta-trier.de\/wp-content\/uploads\/2022\/02\/Newsfeed-Telegram_white.jpg 768w\" sizes=\"auto, (max-width: 300px) 100vw, 300px\" \/><\/a><figcaption class=\"wp-element-caption\"><a href=\"https:\/\/t.me\/StudisUniTrier\">https:\/\/t.me\/StudisUniTrier<\/a><\/figcaption><\/figure>\n<\/div><\/div>\n\n\n\n<div class=\"wp-block-column is-layout-flow wp-block-column-is-layout-flow\"><\/div>\n<\/div>\n","protected":false},"excerpt":{"rendered":"<p>Der AStA bietet euch einige Kan\u00e4le, auf denen ihr aktuelle Infos rund um das Campusleben und AStA Services bekommt: FACEBOOK GRUPPEN Der AStA betreibt zwei Facebook Gruppen, \u00fcber die ihr viele aktuelle Informationen bekommt. NEWSFEEDS Seid immer aktuell mit unseren Newsfeeds auf WhatsApp und Telegram. Mit den neuen offiziellen Newsfeed des AStA wollen wir euch&hellip;&nbsp;<a href=\"https:\/\/www.asta-trier.de\/gb\/kanaele\/\" rel=\"bookmark\">Read More &raquo;<span class=\"screen-reader-text\">Kan\u00e4le<\/span><\/a><\/p>\n","protected":false},"author":4,"featured_media":0,"parent":0,"menu_order":0,"comment_status":"closed","ping_status":"closed","template":"","meta":{"neve_meta_sidebar":"","neve_meta_container":"","neve_meta_enable_content_width":"","neve_meta_content_width":0,"neve_meta_title_alignment":"","neve_meta_author_avatar":"","neve_post_elements_order":"","neve_meta_disable_header":"","neve_meta_disable_footer":"","neve_meta_disable_title":"","footnotes":""},"class_list":["post-12237","page","type-page","status-publish","hentry"],"translation":{"provider":"WPGlobus","version":"3.0.2","language":"gb","enabled_languages":["de","gb"],"languages":{"de":{"title":true,"content":true,"excerpt":false},"gb":{"title":false,"content":false,"excerpt":false}}},"_links":{"self":[{"href":"https:\/\/www.asta-trier.de\/gb\/wp-json\/wp\/v2\/pages\/12237","targetHints":{"allow":["GET"]}}],"collection":[{"href":"https:\/\/www.asta-trier.de\/gb\/wp-json\/wp\/v2\/pages"}],"about":[{"href":"https:\/\/www.asta-trier.de\/gb\/wp-json\/wp\/v2\/types\/page"}],"author":[{"embeddable":true,"href":"https:\/\/www.asta-trier.de\/gb\/wp-json\/wp\/v2\/users\/4"}],"replies":[{"embeddable":true,"href":"https:\/\/www.asta-trier.de\/gb\/wp-json\/wp\/v2\/comments?post=12237"}],"version-history":[{"count":5,"href":"https:\/\/www.asta-trier.de\/gb\/wp-json\/wp\/v2\/pages\/12237\/revisions"}],"predecessor-version":[{"id":15764,"href":"https:\/\/www.asta-trier.de\/gb\/wp-json\/wp\/v2\/pages\/12237\/revisions\/15764"}],"wp:attachment":[{"href":"https:\/\/www.asta-trier.de\/gb\/wp-json\/wp\/v2\/media?parent=12237"}],"curies":[{"name":"wp","href":"https:\/\/api.w.org\/{rel}","templated":true}]}}